{"id":1153,"date":"2023-04-23T08:49:49","date_gmt":"2023-04-23T11:49:49","guid":{"rendered":"https:\/\/sequenciaeng.versahost.com.br\/?page_id=1153"},"modified":"2023-04-23T13:13:59","modified_gmt":"2023-04-23T16:13:59","slug":"desmontes-para-abertura-de-canal","status":"publish","type":"page","link":"https:\/\/sequenciaeng.versahost.com.br\/index.php\/servicos\/desmonte-de-rochas-e-perfuracao\/desmontes-para-abertura-de-canal\/","title":{"rendered":"Desmontes Para Abertura de Canal"},"content":{"rendered":"\t\t<div data-elementor-type=\"wp-page\" data-elementor-id=\"1153\" class=\"elementor elementor-1153\" data-elementor-post-type=\"page\">\n\t\t\t\t\t\t<section class=\"elementor-section elementor-top-section elementor-element elementor-element-bc9762e elementor-section-height-min-height elementor-section-boxed elementor-section-height-default elementor-section-items-middle\" data-id=\"bc9762e\" data-element_type=\"section\" data-e-type=\"section\" data-settings=\"{&quot;background_background&quot;:&quot;classic&quot;}\">\n\t\t\t\t\t\t\t<div class=\"elementor-background-overlay\"><\/div>\n\t\t\t\t\t\t\t<div class=\"elementor-container elementor-column-gap-no\">\n\t\t\t\t\t<div class=\"elementor-column elementor-col-100 elementor-top-column elementor-element elementor-element-190cfe8\" data-id=\"190cfe8\" data-element_type=\"column\" data-e-type=\"column\">\n\t\t\t<div class=\"elementor-widget-wrap elementor-element-populated\">\n\t\t\t\t\t\t<div class=\"elementor-element elementor-element-3c43d33 elementor-widget elementor-widget-heading\" data-id=\"3c43d33\" data-element_type=\"widget\" data-e-type=\"widget\" data-widget_type=\"heading.default\">\n\t\t\t\t<div class=\"elementor-widget-container\">\n\t\t\t\t\t<h1 class=\"elementor-heading-title elementor-size-default\">Desmontes Para Abertura de Canal<\/h1>\t\t\t\t<\/div>\n\t\t\t\t<\/div>\n\t\t\t\t<div class=\"elementor-element elementor-element-d49cb75 elementor-widget elementor-widget-text-editor\" data-id=\"d49cb75\" data-element_type=\"widget\" data-e-type=\"widget\" data-widget_type=\"text-editor.default\">\n\t\t\t\t<div class=\"elementor-widget-container\">\n\t\t\t\t\t\t\t\t\t<p>Realizamos perfura\u00e7\u00e3o e desmonte de rochas para obras de abertura de canais, com t\u00e9cnicas de\u00a0 pr\u00e9-fissuramento<\/p>\t\t\t\t\t\t\t\t<\/div>\n\t\t\t\t<\/div>\n\t\t\t\t\t<\/div>\n\t\t<\/div>\n\t\t\t\t\t<\/div>\n\t\t<\/section>\n\t\t\t\t<section class=\"elementor-section elementor-top-section elementor-element elementor-element-t47g7d5 elementor-section-content-middle elementor-section-boxed elementor-section-height-default elementor-section-height-default\" data-id=\"t47g7d5\" data-element_type=\"section\" data-e-type=\"section\" data-settings=\"{&quot;background_background&quot;:&quot;classic&quot;}\">\n\t\t\t\t\t\t<div class=\"elementor-container elementor-column-gap-no\">\n\t\t\t\t\t<div class=\"elementor-column elementor-col-50 elementor-top-column elementor-element elementor-element-258231d\" data-id=\"258231d\" data-element_type=\"column\" data-e-type=\"column\">\n\t\t\t<div class=\"elementor-widget-wrap elementor-element-populated\">\n\t\t\t\t\t\t<div class=\"elementor-element elementor-element-88cf4f9 elementor-position-inline-end elementor-view-default elementor-mobile-position-block-start elementor-widget elementor-widget-icon-box\" data-id=\"88cf4f9\" data-element_type=\"widget\" data-e-type=\"widget\" data-settings=\"{&quot;sticky&quot;:&quot;top&quot;,&quot;sticky_offset&quot;:150,&quot;sticky_effects_offset&quot;:150,&quot;sticky_parent&quot;:&quot;yes&quot;,&quot;sticky_on&quot;:[&quot;desktop&quot;,&quot;tablet&quot;,&quot;mobile&quot;],&quot;sticky_anchor_link_offset&quot;:0}\" data-widget_type=\"icon-box.default\">\n\t\t\t\t<div class=\"elementor-widget-container\">\n\t\t\t\t\t\t\t<div class=\"elementor-icon-box-wrapper\">\n\n\t\t\t\t\t\t<div class=\"elementor-icon-box-icon\">\n\t\t\t\t<span  class=\"elementor-icon elementor-animation-wobble-vertical\">\n\t\t\t\t<i aria-hidden=\"true\" class=\"fas fa-chevron-down\"><\/i>\t\t\t\t<\/span>\n\t\t\t<\/div>\n\t\t\t\n\t\t\t\t\t\t<div class=\"elementor-icon-box-content\">\n\n\t\t\t\t\t\t\t\t\t<h4 class=\"elementor-icon-box-title\">\n\t\t\t\t\t\t<span  >\n\t\t\t\t\t\t\tAplica\u00e7\u00f5es\t\t\t\t\t\t<\/span>\n\t\t\t\t\t<\/h4>\n\t\t\t\t\n\t\t\t\t\n\t\t\t<\/div>\n\t\t\t\n\t\t<\/div>\n\t\t\t\t\t\t<\/div>\n\t\t\t\t<\/div>\n\t\t\t\t<div class=\"elementor-element elementor-element-9f191ec elementor-align-start elementor-icon-list--layout-traditional elementor-list-item-link-full_width elementor-widget elementor-widget-icon-list\" data-id=\"9f191ec\" data-element_type=\"widget\" data-e-type=\"widget\" data-settings=\"{&quot;sticky&quot;:&quot;top&quot;,&quot;sticky_offset&quot;:230,&quot;sticky_effects_offset&quot;:230,&quot;sticky_parent&quot;:&quot;yes&quot;,&quot;sticky_on&quot;:[&quot;desktop&quot;,&quot;tablet&quot;,&quot;mobile&quot;],&quot;sticky_anchor_link_offset&quot;:0}\" data-widget_type=\"icon-list.default\">\n\t\t\t\t<div class=\"elementor-widget-container\">\n\t\t\t\t\t\t\t<ul class=\"elementor-icon-list-items\">\n\t\t\t\t\t\t\t<li class=\"elementor-icon-list-item\">\n\t\t\t\t\t\t\t\t\t\t\t<a href=\"https:\/\/sequenciaeng.versahost.com.br\/index.php\/servicos\/desmonte-de-rochas-e-perfuracao\/\">\n\n\t\t\t\t\t\t\t\t\t\t\t\t<span class=\"elementor-icon-list-icon\">\n\t\t\t\t\t\t\t<i aria-hidden=\"true\" class=\"fas fa-arrow-circle-right\"><\/i>\t\t\t\t\t\t<\/span>\n\t\t\t\t\t\t\t\t\t\t<span class=\"elementor-icon-list-text\">Desmonte de Rochas e Perfura\u00e7\u00e3o<\/span>\n\t\t\t\t\t\t\t\t\t\t\t<\/a>\n\t\t\t\t\t\t\t\t\t<\/li>\n\t\t\t\t\t\t\t\t<li class=\"elementor-icon-list-item\">\n\t\t\t\t\t\t\t\t\t\t\t<a href=\"https:\/\/sequenciaeng.versahost.com.br\/index.php\/servicos\/desmonte-de-rochas-e-perfuracao\/desmontes-controlados\/\">\n\n\t\t\t\t\t\t\t\t\t\t\t\t<span class=\"elementor-icon-list-icon\">\n\t\t\t\t\t\t\t<i aria-hidden=\"true\" class=\"fas fa-arrow-circle-right\"><\/i>\t\t\t\t\t\t<\/span>\n\t\t\t\t\t\t\t\t\t\t<span class=\"elementor-icon-list-text\">Desmontes Controlados<\/span>\n\t\t\t\t\t\t\t\t\t\t\t<\/a>\n\t\t\t\t\t\t\t\t\t<\/li>\n\t\t\t\t\t\t\t\t<li class=\"elementor-icon-list-item\">\n\t\t\t\t\t\t\t\t\t\t\t<a href=\"https:\/\/sequenciaeng.versahost.com.br\/index.php\/servicos\/desmonte-de-rochas-e-perfuracao\/desmontes-em-mineracoes-a-ceu-aberto\/\">\n\n\t\t\t\t\t\t\t\t\t\t\t\t<span class=\"elementor-icon-list-icon\">\n\t\t\t\t\t\t\t<i aria-hidden=\"true\" class=\"fas fa-arrow-circle-right\"><\/i>\t\t\t\t\t\t<\/span>\n\t\t\t\t\t\t\t\t\t\t<span class=\"elementor-icon-list-text\">Desmontes em Minera\u00e7\u00f5es a C\u00e9u Aberto<\/span>\n\t\t\t\t\t\t\t\t\t\t\t<\/a>\n\t\t\t\t\t\t\t\t\t<\/li>\n\t\t\t\t\t\t\t\t<li class=\"elementor-icon-list-item\">\n\t\t\t\t\t\t\t\t\t\t\t<a href=\"https:\/\/sequenciaeng.versahost.com.br\/index.php\/servicos\/desmonte-de-rochas-e-perfuracao\/desmontes-para-abertura-de-canal\/\">\n\n\t\t\t\t\t\t\t\t\t\t\t\t<span class=\"elementor-icon-list-icon\">\n\t\t\t\t\t\t\t<i aria-hidden=\"true\" class=\"fas fa-arrow-circle-right\"><\/i>\t\t\t\t\t\t<\/span>\n\t\t\t\t\t\t\t\t\t\t<span class=\"elementor-icon-list-text\">Desmontes para Abertura de Canal<\/span>\n\t\t\t\t\t\t\t\t\t\t\t<\/a>\n\t\t\t\t\t\t\t\t\t<\/li>\n\t\t\t\t\t\t\t\t<li class=\"elementor-icon-list-item\">\n\t\t\t\t\t\t\t\t\t\t\t<a href=\"https:\/\/sequenciaeng.versahost.com.br\/index.php\/servicos\/desmonte-de-rochas-e-perfuracao\/desmontes-para-abertura-de-ferrovias\/\">\n\n\t\t\t\t\t\t\t\t\t\t\t\t<span class=\"elementor-icon-list-icon\">\n\t\t\t\t\t\t\t<i aria-hidden=\"true\" class=\"fas fa-arrow-circle-right\"><\/i>\t\t\t\t\t\t<\/span>\n\t\t\t\t\t\t\t\t\t\t<span class=\"elementor-icon-list-text\">Desmontes para Abertura de Ferrovias<\/span>\n\t\t\t\t\t\t\t\t\t\t\t<\/a>\n\t\t\t\t\t\t\t\t\t<\/li>\n\t\t\t\t\t\t\t\t<li class=\"elementor-icon-list-item\">\n\t\t\t\t\t\t\t\t\t\t\t<a href=\"https:\/\/sequenciaeng.versahost.com.br\/index.php\/servicos\/desmonte-de-rochas-e-perfuracao\/desmontes-para-abertura-de-rodovias\/\">\n\n\t\t\t\t\t\t\t\t\t\t\t\t<span class=\"elementor-icon-list-icon\">\n\t\t\t\t\t\t\t<i aria-hidden=\"true\" class=\"fas fa-arrow-circle-right\"><\/i>\t\t\t\t\t\t<\/span>\n\t\t\t\t\t\t\t\t\t\t<span class=\"elementor-icon-list-text\">Desmontes para Abertura de Rodovias<\/span>\n\t\t\t\t\t\t\t\t\t\t\t<\/a>\n\t\t\t\t\t\t\t\t\t<\/li>\n\t\t\t\t\t\t\t\t<li class=\"elementor-icon-list-item\">\n\t\t\t\t\t\t\t\t\t\t\t<a href=\"https:\/\/sequenciaeng.versahost.com.br\/index.php\/servicos\/desmonte-de-rochas-e-perfuracao\/desmontes-para-ampliacao-do-vertedouro-em-barragem-existente\/\">\n\n\t\t\t\t\t\t\t\t\t\t\t\t<span class=\"elementor-icon-list-icon\">\n\t\t\t\t\t\t\t<i aria-hidden=\"true\" class=\"fas fa-arrow-circle-right\"><\/i>\t\t\t\t\t\t<\/span>\n\t\t\t\t\t\t\t\t\t\t<span class=\"elementor-icon-list-text\">Desmontes para Amplia\u00e7\u00e3o do Vertedouro em Barragem Existente<\/span>\n\t\t\t\t\t\t\t\t\t\t\t<\/a>\n\t\t\t\t\t\t\t\t\t<\/li>\n\t\t\t\t\t\t\t\t<li class=\"elementor-icon-list-item\">\n\t\t\t\t\t\t\t\t\t\t\t<a href=\"https:\/\/sequenciaeng.versahost.com.br\/index.php\/servicos\/desmonte-de-rochas-e-perfuracao\/desmontes-para-escavacao-de-depositos-de-rejeitos\/\">\n\n\t\t\t\t\t\t\t\t\t\t\t\t<span class=\"elementor-icon-list-icon\">\n\t\t\t\t\t\t\t<i aria-hidden=\"true\" class=\"fas fa-arrow-circle-right\"><\/i>\t\t\t\t\t\t<\/span>\n\t\t\t\t\t\t\t\t\t\t<span class=\"elementor-icon-list-text\">Desmontes para Escava\u00e7\u00e3o de Dep\u00f3sitos de Rejeitos<\/span>\n\t\t\t\t\t\t\t\t\t\t\t<\/a>\n\t\t\t\t\t\t\t\t\t<\/li>\n\t\t\t\t\t\t\t\t<li class=\"elementor-icon-list-item\">\n\t\t\t\t\t\t\t\t\t\t\t<a href=\"https:\/\/sequenciaeng.versahost.com.br\/index.php\/servicos\/desmonte-de-rochas-e-perfuracao\/desmontes-para-escavacao-de-gasoduto\/\">\n\n\t\t\t\t\t\t\t\t\t\t\t\t<span class=\"elementor-icon-list-icon\">\n\t\t\t\t\t\t\t<i aria-hidden=\"true\" class=\"fas fa-arrow-circle-right\"><\/i>\t\t\t\t\t\t<\/span>\n\t\t\t\t\t\t\t\t\t\t<span class=\"elementor-icon-list-text\">Desmontes para Escava\u00e7\u00e3o de Gasoduto<\/span>\n\t\t\t\t\t\t\t\t\t\t\t<\/a>\n\t\t\t\t\t\t\t\t\t<\/li>\n\t\t\t\t\t\t\t\t<li class=\"elementor-icon-list-item\">\n\t\t\t\t\t\t\t\t\t\t\t<a href=\"https:\/\/sequenciaeng.versahost.com.br\/index.php\/servicos\/desmonte-de-rochas-e-perfuracao\/desmontes-para-escavacao-de-pchs\/\">\n\n\t\t\t\t\t\t\t\t\t\t\t\t<span class=\"elementor-icon-list-icon\">\n\t\t\t\t\t\t\t<i aria-hidden=\"true\" class=\"fas fa-arrow-circle-right\"><\/i>\t\t\t\t\t\t<\/span>\n\t\t\t\t\t\t\t\t\t\t<span class=\"elementor-icon-list-text\">Desmontes para Escava\u00e7\u00e3o de PCH's<\/span>\n\t\t\t\t\t\t\t\t\t\t\t<\/a>\n\t\t\t\t\t\t\t\t\t<\/li>\n\t\t\t\t\t\t\t\t<li class=\"elementor-icon-list-item\">\n\t\t\t\t\t\t\t\t\t\t\t<a href=\"https:\/\/sequenciaeng.versahost.com.br\/index.php\/servicos\/desmonte-de-rochas-e-perfuracao\/implosoes\/\">\n\n\t\t\t\t\t\t\t\t\t\t\t\t<span class=\"elementor-icon-list-icon\">\n\t\t\t\t\t\t\t<i aria-hidden=\"true\" class=\"fas fa-arrow-circle-right\"><\/i>\t\t\t\t\t\t<\/span>\n\t\t\t\t\t\t\t\t\t\t<span class=\"elementor-icon-list-text\">Implos\u00f5es<\/span>\n\t\t\t\t\t\t\t\t\t\t\t<\/a>\n\t\t\t\t\t\t\t\t\t<\/li>\n\t\t\t\t\t\t\t\t<li class=\"elementor-icon-list-item\">\n\t\t\t\t\t\t\t\t\t\t\t<a href=\"https:\/\/sequenciaeng.versahost.com.br\/index.php\/servicos\/desmonte-de-rochas-e-perfuracao\/terceirizacao-de-perfuracao-e-desmonte-em-pedreiras-e-mineracoes\/\">\n\n\t\t\t\t\t\t\t\t\t\t\t\t<span class=\"elementor-icon-list-icon\">\n\t\t\t\t\t\t\t<i aria-hidden=\"true\" class=\"fas fa-arrow-circle-right\"><\/i>\t\t\t\t\t\t<\/span>\n\t\t\t\t\t\t\t\t\t\t<span class=\"elementor-icon-list-text\">Terceiriza\u00e7\u00e3o de Desmonte e Perfura\u00e7\u00e3o em Pedreiras e Minera\u00e7\u00f5es<\/span>\n\t\t\t\t\t\t\t\t\t\t\t<\/a>\n\t\t\t\t\t\t\t\t\t<\/li>\n\t\t\t\t\t\t<\/ul>\n\t\t\t\t\t\t<\/div>\n\t\t\t\t<\/div>\n\t\t\t\t\t<\/div>\n\t\t<\/div>\n\t\t\t\t<div class=\"elementor-column elementor-col-50 elementor-top-column elementor-element elementor-element-eda9887\" data-id=\"eda9887\" data-element_type=\"column\" data-e-type=\"column\">\n\t\t\t<div class=\"elementor-widget-wrap elementor-element-populated\">\n\t\t\t\t\t\t<div class=\"elementor-element elementor-element-e108657 elementor-view-stacked elementor-shape-circle elementor-widget elementor-widget-icon\" data-id=\"e108657\" data-element_type=\"widget\" data-e-type=\"widget\" data-widget_type=\"icon.default\">\n\t\t\t\t<div class=\"elementor-widget-container\">\n\t\t\t\t\t\t\t<div class=\"elementor-icon-wrapper\">\n\t\t\t<div class=\"elementor-icon\">\n\t\t\t<svg xmlns=\"http:\/\/www.w3.org\/2000\/svg\" xmlns:xlink=\"http:\/\/www.w3.org\/1999\/xlink\" width=\"512\" viewBox=\"0 0 384 383.999986\" height=\"512\" preserveAspectRatio=\"xMidYMid meet\"><path fill=\"#000000\" d=\"M 382 85.445312 L 358.472656 63.222656 L 335.433594 19.589844 C 334.515625 17.855469 332.847656 16.628906 330.910156 16.285156 L 305.417969 11.738281 C 303.730469 11.433594 301.992188 11.828125 300.59375 12.816406 L 271.566406 33.425781 L 230.105469 45.261719 C 229.171875 45.53125 228.316406 46.003906 227.59375 46.652344 L 197.96875 73.21875 L 194.191406 71.722656 L 144.46875 23.320312 C 143.058594 21.941406 141.109375 21.289062 139.148438 21.5625 L 105.742188 26.117188 C 104.039062 26.351562 102.503906 27.257812 101.480469 28.636719 L 82.921875 53.605469 L 61.25 61.121094 C 60.167969 61.492188 59.210938 62.140625 58.476562 63.015625 L 2.160156 129.175781 C 0.550781 131.070312 0.179688 133.726562 1.226562 135.988281 C 2.273438 138.25 4.535156 139.691406 7.027344 139.691406 L 155.574219 139.691406 C 136.558594 148.46875 116.054688 161.90625 111.386719 180.261719 C 107.671875 194.835938 114.0625 209.800781 130.375 224.722656 C 155.90625 248.089844 166.511719 272.363281 161.042969 294.917969 C 154.347656 322.535156 123.105469 345.851562 75.316406 358.875 C 71.914062 359.804688 69.90625 363.3125 70.832031 366.71875 C 71.613281 369.554688 74.179688 371.417969 76.992188 371.417969 C 77.546875 371.417969 78.117188 371.347656 78.679688 371.195312 C 131.863281 356.695312 165.527344 330.675781 173.464844 297.921875 C 179.996094 270.964844 167.757812 241.628906 139 215.3125 C 126.4375 203.8125 121.308594 193.089844 123.769531 183.421875 C 129.039062 162.6875 166.964844 147.390625 187.429688 141.273438 C 191.597656 157.011719 207.015625 193.898438 261.753906 211.8125 C 290.90625 221.359375 296.8125 247.394531 297.738281 262.0625 C 299.832031 295.324219 280.886719 340.691406 241.652344 359.269531 C 238.464844 360.777344 237.101562 364.582031 238.609375 367.765625 C 240.125 370.964844 243.9375 372.3125 247.121094 370.804688 C 286.019531 352.394531 313.261719 305.304688 310.492188 261.265625 C 308.574219 230.8125 292.253906 208.371094 265.734375 199.683594 C 218.351562 184.167969 204.292969 153.527344 200.261719 139.699219 L 377.617188 139.699219 C 381.144531 139.699219 384.007812 136.84375 384.007812 133.3125 L 384.007812 90.085938 C 384.007812 88.328125 383.285156 86.652344 382.007812 85.445312 Z M 20.847656 126.929688 L 67.074219 72.59375 L 88.957031 65.007812 C 90.171875 64.59375 91.226562 63.816406 91.992188 62.785156 L 110.125 38.390625 L 137.78125 34.625 L 186.1875 81.753906 C 186.792969 82.347656 187.507812 82.808594 188.292969 83.121094 L 237.953125 102.738281 L 250.832031 126.929688 Z M 371.222656 126.929688 L 265.304688 126.929688 L 248.128906 94.664062 C 247.421875 93.324219 246.253906 92.28125 244.839844 91.726562 L 211.246094 78.453125 L 235.03125 57.128906 L 276.136719 45.394531 C 276.832031 45.199219 277.488281 44.878906 278.078125 44.464844 L 305.8125 24.78125 L 325.601562 28.304688 L 347.683594 70.117188 C 348.007812 70.734375 348.4375 71.296875 348.941406 71.777344 L 371.234375 92.835938 L 371.234375 126.933594 Z M 371.222656 126.929688 \" fill-opacity=\"1\" fill-rule=\"nonzero\"><\/path><path fill=\"#000000\" d=\"M 211.808594 326.230469 L 186.753906 326.230469 C 183.226562 326.230469 180.363281 329.085938 180.363281 332.617188 C 180.363281 336.144531 183.226562 339 186.753906 339 L 211.808594 339 C 215.332031 339 218.195312 336.144531 218.195312 332.617188 C 218.195312 329.085938 215.332031 326.230469 211.808594 326.230469 Z M 211.808594 326.230469 \" fill-opacity=\"1\" fill-rule=\"nonzero\"><\/path><path fill=\"#000000\" d=\"M 262.039062 280.277344 C 262.039062 276.746094 259.175781 273.894531 255.652344 273.894531 L 230.597656 273.894531 C 227.070312 273.894531 224.207031 276.746094 224.207031 280.277344 C 224.207031 283.808594 227.070312 286.660156 230.597656 286.660156 L 255.652344 286.660156 C 259.175781 286.660156 262.039062 283.808594 262.039062 280.277344 Z M 262.039062 280.277344 \" fill-opacity=\"1\" fill-rule=\"nonzero\"><\/path><path fill=\"#000000\" d=\"M 209.558594 225.667969 C 209.558594 222.136719 206.695312 219.28125 203.167969 219.28125 L 178.117188 219.28125 C 174.589844 219.28125 171.726562 222.136719 171.726562 225.667969 C 171.726562 229.199219 174.589844 232.050781 178.117188 232.050781 L 203.167969 232.050781 C 206.695312 232.050781 209.558594 229.199219 209.558594 225.667969 Z M 209.558594 225.667969 \" fill-opacity=\"1\" fill-rule=\"nonzero\"><\/path><\/svg>\t\t\t<\/div>\n\t\t<\/div>\n\t\t\t\t\t\t<\/div>\n\t\t\t\t<\/div>\n\t\t\t\t<div class=\"elementor-element elementor-element-e1f66d4 elementor-widget elementor-widget-text-editor\" data-id=\"e1f66d4\" data-element_type=\"widget\" data-e-type=\"widget\" data-widget_type=\"text-editor.default\">\n\t\t\t\t<div class=\"elementor-widget-container\">\n\t\t\t\t\t\t\t\t\t<p>Munic\u00edpio de Delmiro Golveia \u2013 AL. Os desmontes de material de 3\u00aa categoria tinham como objetivo final um canal com uma se\u00e7\u00e3o de 6,5 x 4,0. Foram desmontados 45.000 m3 de rocha e 20.000 metros lineares de pr\u00e9-fissuramento<\/p>\t\t\t\t\t\t\t\t<\/div>\n\t\t\t\t<\/div>\n\t\t\t\t<div class=\"elementor-element elementor-element-febacb7 elementor-widget elementor-widget-image\" data-id=\"febacb7\" data-element_type=\"widget\" data-e-type=\"widget\" data-widget_type=\"image.default\">\n\t\t\t\t<div class=\"elementor-widget-container\">\n\t\t\t\t\t\t\t\t\t\t\t\t\t\t\t<img fetchpriority=\"high\" decoding=\"async\" width=\"1600\" height=\"1200\" src=\"https:\/\/sequenciaeng.versahost.com.br\/wp-content\/uploads\/2023\/04\/Site-Sequencia-Servicos-Taludes-e-Obras-Civis-Img-01-1600-x-1200-jpg.webp\" class=\"attachment-full size-full wp-image-967\" alt=\"Controle de Vibra\u00e7\u00e3o em Taludes e Obras Civis\" srcset=\"https:\/\/sequenciaeng.versahost.com.br\/wp-content\/uploads\/2023\/04\/Site-Sequencia-Servicos-Taludes-e-Obras-Civis-Img-01-1600-x-1200-jpg.webp 1600w, https:\/\/sequenciaeng.versahost.com.br\/wp-content\/uploads\/2023\/04\/Site-Sequencia-Servicos-Taludes-e-Obras-Civis-Img-01-1600-x-1200-300x225.webp 300w, https:\/\/sequenciaeng.versahost.com.br\/wp-content\/uploads\/2023\/04\/Site-Sequencia-Servicos-Taludes-e-Obras-Civis-Img-01-1600-x-1200-1024x768.webp 1024w, https:\/\/sequenciaeng.versahost.com.br\/wp-content\/uploads\/2023\/04\/Site-Sequencia-Servicos-Taludes-e-Obras-Civis-Img-01-1600-x-1200-768x576.webp 768w, https:\/\/sequenciaeng.versahost.com.br\/wp-content\/uploads\/2023\/04\/Site-Sequencia-Servicos-Taludes-e-Obras-Civis-Img-01-1600-x-1200-1536x1152.webp 1536w\" sizes=\"(max-width: 1600px) 100vw, 1600px\" \/>\t\t\t\t\t\t\t\t\t\t\t\t\t\t\t<\/div>\n\t\t\t\t<\/div>\n\t\t\t\t\t<\/div>\n\t\t<\/div>\n\t\t\t\t\t<\/div>\n\t\t<\/section>\n\t\t\t\t<\/div>\n\t\t","protected":false},"excerpt":{"rendered":"<p>Desmontes Para Abertura de Canal Realizamos perfura\u00e7\u00e3o e desmonte de rochas para obras de abertura de canais, com t\u00e9cnicas de\u00a0 pr\u00e9-fissuramento Aplica\u00e7\u00f5es Desmonte de Rochas e Perfura\u00e7\u00e3o Desmontes Controlados Desmontes em Minera\u00e7\u00f5es a C\u00e9u Aberto Desmontes para Abertura de Canal Desmontes para Abertura de Ferrovias Desmontes para Abertura de Rodovias Desmontes para Amplia\u00e7\u00e3o do Vertedouro [&hellip;]<\/p>\n","protected":false},"author":1,"featured_media":0,"parent":1057,"menu_order":3,"comment_status":"closed","ping_status":"closed","template":"","meta":{"site-sidebar-layout":"no-sidebar","site-content-layout":"page-builder","ast-site-content-layout":"default","site-content-style":"default","site-sidebar-style":"default","ast-global-header-display":"","ast-banner-title-visibility":"","ast-main-header-display":"","ast-hfb-above-header-display":"","ast-hfb-below-header-display":"","ast-hfb-mobile-header-display":"","site-post-title":"disabled","ast-breadcrumbs-content":"disabled","ast-featured-img":"disabled","footer-sml-layout":"disabled","ast-disable-related-posts":"","theme-transparent-header-meta":"enabled","adv-header-id-meta":"","stick-header-meta":"","header-above-stick-meta":"","header-main-stick-meta":"","header-below-stick-meta":"","astra-migrate-meta-layouts":"default","ast-page-background-enabled":"default","ast-page-background-meta":{"desktop":{"background-color":"","background-image":"","background-repeat":"repeat","background-position":"center center","background-size":"auto","background-attachment":"scroll","background-type":"","background-media":"","overlay-type":"","overlay-color":"","overlay-opacity":"","overlay-gradient":""},"tablet":{"background-color":"","background-image":"","background-repeat":"repeat","background-position":"center center","background-size":"auto","background-attachment":"scroll","background-type":"","background-media":"","overlay-type":"","overlay-color":"","overlay-opacity":"","overlay-gradient":""},"mobile":{"background-color":"","background-image":"","background-repeat":"repeat","background-position":"center center","background-size":"auto","background-attachment":"scroll","background-type":"","background-media":"","overlay-type":"","overlay-color":"","overlay-opacity":"","overlay-gradient":""}},"ast-content-background-meta":{"desktop":{"background-color":"var(--ast-global-color-5)","background-image":"","background-repeat":"repeat","background-position":"center center","background-size":"auto","background-attachment":"scroll","background-type":"","background-media":"","overlay-type":"","overlay-color":"","overlay-opacity":"","overlay-gradient":""},"tablet":{"background-color":"var(--ast-global-color-5)","background-image":"","background-repeat":"repeat","background-position":"center center","background-size":"auto","background-attachment":"scroll","background-type":"","background-media":"","overlay-type":"","overlay-color":"","overlay-opacity":"","overlay-gradient":""},"mobile":{"background-color":"var(--ast-global-color-5)","background-image":"","background-repeat":"repeat","background-position":"center center","background-size":"auto","background-attachment":"scroll","background-type":"","background-media":"","overlay-type":"","overlay-color":"","overlay-opacity":"","overlay-gradient":""}},"footnotes":""},"class_list":["post-1153","page","type-page","status-publish","hentry"],"_links":{"self":[{"href":"https:\/\/sequenciaeng.versahost.com.br\/index.php\/wp-json\/wp\/v2\/pages\/1153","targetHints":{"allow":["GET"]}}],"collection":[{"href":"https:\/\/sequenciaeng.versahost.com.br\/index.php\/wp-json\/wp\/v2\/pages"}],"about":[{"href":"https:\/\/sequenciaeng.versahost.com.br\/index.php\/wp-json\/wp\/v2\/types\/page"}],"author":[{"embeddable":true,"href":"https:\/\/sequenciaeng.versahost.com.br\/index.php\/wp-json\/wp\/v2\/users\/1"}],"replies":[{"embeddable":true,"href":"https:\/\/sequenciaeng.versahost.com.br\/index.php\/wp-json\/wp\/v2\/comments?post=1153"}],"version-history":[{"count":31,"href":"https:\/\/sequenciaeng.versahost.com.br\/index.php\/wp-json\/wp\/v2\/pages\/1153\/revisions"}],"predecessor-version":[{"id":1459,"href":"https:\/\/sequenciaeng.versahost.com.br\/index.php\/wp-json\/wp\/v2\/pages\/1153\/revisions\/1459"}],"up":[{"embeddable":true,"href":"https:\/\/sequenciaeng.versahost.com.br\/index.php\/wp-json\/wp\/v2\/pages\/1057"}],"wp:attachment":[{"href":"https:\/\/sequenciaeng.versahost.com.br\/index.php\/wp-json\/wp\/v2\/media?parent=1153"}],"curies":[{"name":"wp","href":"https:\/\/api.w.org\/{rel}","templated":true}]}}