{"id":1235,"date":"2023-04-23T10:00:22","date_gmt":"2023-04-23T13:00:22","guid":{"rendered":"https:\/\/sequenciaeng.versahost.com.br\/?page_id=1235"},"modified":"2023-04-23T13:15:13","modified_gmt":"2023-04-23T16:15:13","slug":"desmontes-para-ampliacao-do-vertedouro-em-barragem-existente","status":"publish","type":"page","link":"https:\/\/sequenciaeng.versahost.com.br\/index.php\/servicos\/desmonte-de-rochas-e-perfuracao\/desmontes-para-ampliacao-do-vertedouro-em-barragem-existente\/","title":{"rendered":"Desmontes para Amplia\u00e7\u00e3o do Vertedouro em Barragem Existente"},"content":{"rendered":"\t\t<div data-elementor-type=\"wp-page\" data-elementor-id=\"1235\" class=\"elementor elementor-1235\" data-elementor-post-type=\"page\">\n\t\t\t\t\t\t<section class=\"elementor-section elementor-top-section elementor-element elementor-element-bc9762e elementor-section-height-min-height elementor-section-boxed elementor-section-height-default elementor-section-items-middle\" data-id=\"bc9762e\" data-element_type=\"section\" data-e-type=\"section\" data-settings=\"{&quot;background_background&quot;:&quot;classic&quot;}\">\n\t\t\t\t\t\t\t<div class=\"elementor-background-overlay\"><\/div>\n\t\t\t\t\t\t\t<div class=\"elementor-container elementor-column-gap-no\">\n\t\t\t\t\t<div class=\"elementor-column elementor-col-100 elementor-top-column elementor-element elementor-element-190cfe8\" data-id=\"190cfe8\" data-element_type=\"column\" data-e-type=\"column\">\n\t\t\t<div class=\"elementor-widget-wrap elementor-element-populated\">\n\t\t\t\t\t\t<div class=\"elementor-element elementor-element-3c43d33 elementor-widget elementor-widget-heading\" data-id=\"3c43d33\" data-element_type=\"widget\" data-e-type=\"widget\" data-widget_type=\"heading.default\">\n\t\t\t\t<div class=\"elementor-widget-container\">\n\t\t\t\t\t<h1 class=\"elementor-heading-title elementor-size-default\">Desmontes para Amplia\u00e7\u00e3o do Vertedouro em Barragem Existente<\/h1>\t\t\t\t<\/div>\n\t\t\t\t<\/div>\n\t\t\t\t<div class=\"elementor-element elementor-element-d49cb75 elementor-widget elementor-widget-text-editor\" data-id=\"d49cb75\" data-element_type=\"widget\" data-e-type=\"widget\" data-widget_type=\"text-editor.default\">\n\t\t\t\t<div class=\"elementor-widget-container\">\n\t\t\t\t\t\t\t\t\t<p>Realizamos amplia\u00e7\u00e3o de vertedouro de barragem existente com desmonte supercontrolado envolvendo\u00a0realiza\u00e7\u00e3o de pr\u00e9-fissuramentos<\/p>\t\t\t\t\t\t\t\t<\/div>\n\t\t\t\t<\/div>\n\t\t\t\t\t<\/div>\n\t\t<\/div>\n\t\t\t\t\t<\/div>\n\t\t<\/section>\n\t\t\t\t<section class=\"elementor-section elementor-top-section elementor-element elementor-element-t47g7d5 elementor-section-content-middle elementor-section-boxed elementor-section-height-default elementor-section-height-default\" data-id=\"t47g7d5\" data-element_type=\"section\" data-e-type=\"section\" data-settings=\"{&quot;background_background&quot;:&quot;classic&quot;}\">\n\t\t\t\t\t\t<div class=\"elementor-container elementor-column-gap-no\">\n\t\t\t\t\t<div class=\"elementor-column elementor-col-50 elementor-top-column elementor-element elementor-element-258231d\" data-id=\"258231d\" data-element_type=\"column\" data-e-type=\"column\">\n\t\t\t<div class=\"elementor-widget-wrap elementor-element-populated\">\n\t\t\t\t\t\t<div class=\"elementor-element elementor-element-88cf4f9 elementor-position-inline-end elementor-view-default elementor-mobile-position-block-start elementor-widget elementor-widget-icon-box\" data-id=\"88cf4f9\" data-element_type=\"widget\" data-e-type=\"widget\" data-settings=\"{&quot;sticky&quot;:&quot;top&quot;,&quot;sticky_offset&quot;:150,&quot;sticky_effects_offset&quot;:150,&quot;sticky_parent&quot;:&quot;yes&quot;,&quot;sticky_on&quot;:[&quot;desktop&quot;,&quot;tablet&quot;,&quot;mobile&quot;],&quot;sticky_anchor_link_offset&quot;:0}\" data-widget_type=\"icon-box.default\">\n\t\t\t\t<div class=\"elementor-widget-container\">\n\t\t\t\t\t\t\t<div class=\"elementor-icon-box-wrapper\">\n\n\t\t\t\t\t\t<div class=\"elementor-icon-box-icon\">\n\t\t\t\t<span  class=\"elementor-icon elementor-animation-wobble-vertical\">\n\t\t\t\t<i aria-hidden=\"true\" class=\"fas fa-chevron-down\"><\/i>\t\t\t\t<\/span>\n\t\t\t<\/div>\n\t\t\t\n\t\t\t\t\t\t<div class=\"elementor-icon-box-content\">\n\n\t\t\t\t\t\t\t\t\t<h4 class=\"elementor-icon-box-title\">\n\t\t\t\t\t\t<span  >\n\t\t\t\t\t\t\tAplica\u00e7\u00f5es\t\t\t\t\t\t<\/span>\n\t\t\t\t\t<\/h4>\n\t\t\t\t\n\t\t\t\t\n\t\t\t<\/div>\n\t\t\t\n\t\t<\/div>\n\t\t\t\t\t\t<\/div>\n\t\t\t\t<\/div>\n\t\t\t\t<div class=\"elementor-element elementor-element-9f191ec elementor-align-start elementor-icon-list--layout-traditional elementor-list-item-link-full_width elementor-widget elementor-widget-icon-list\" data-id=\"9f191ec\" data-element_type=\"widget\" data-e-type=\"widget\" data-settings=\"{&quot;sticky&quot;:&quot;top&quot;,&quot;sticky_offset&quot;:230,&quot;sticky_effects_offset&quot;:230,&quot;sticky_parent&quot;:&quot;yes&quot;,&quot;sticky_on&quot;:[&quot;desktop&quot;,&quot;tablet&quot;,&quot;mobile&quot;],&quot;sticky_anchor_link_offset&quot;:0}\" data-widget_type=\"icon-list.default\">\n\t\t\t\t<div class=\"elementor-widget-container\">\n\t\t\t\t\t\t\t<ul class=\"elementor-icon-list-items\">\n\t\t\t\t\t\t\t<li class=\"elementor-icon-list-item\">\n\t\t\t\t\t\t\t\t\t\t\t<a href=\"https:\/\/sequenciaeng.versahost.com.br\/index.php\/servicos\/desmonte-de-rochas-e-perfuracao\/\">\n\n\t\t\t\t\t\t\t\t\t\t\t\t<span class=\"elementor-icon-list-icon\">\n\t\t\t\t\t\t\t<i aria-hidden=\"true\" class=\"fas fa-arrow-circle-right\"><\/i>\t\t\t\t\t\t<\/span>\n\t\t\t\t\t\t\t\t\t\t<span class=\"elementor-icon-list-text\">Desmonte de Rochas e Perfura\u00e7\u00e3o<\/span>\n\t\t\t\t\t\t\t\t\t\t\t<\/a>\n\t\t\t\t\t\t\t\t\t<\/li>\n\t\t\t\t\t\t\t\t<li class=\"elementor-icon-list-item\">\n\t\t\t\t\t\t\t\t\t\t\t<a href=\"https:\/\/sequenciaeng.versahost.com.br\/index.php\/servicos\/desmonte-de-rochas-e-perfuracao\/desmontes-controlados\/\">\n\n\t\t\t\t\t\t\t\t\t\t\t\t<span class=\"elementor-icon-list-icon\">\n\t\t\t\t\t\t\t<i aria-hidden=\"true\" class=\"fas fa-arrow-circle-right\"><\/i>\t\t\t\t\t\t<\/span>\n\t\t\t\t\t\t\t\t\t\t<span class=\"elementor-icon-list-text\">Desmontes Controlados<\/span>\n\t\t\t\t\t\t\t\t\t\t\t<\/a>\n\t\t\t\t\t\t\t\t\t<\/li>\n\t\t\t\t\t\t\t\t<li class=\"elementor-icon-list-item\">\n\t\t\t\t\t\t\t\t\t\t\t<a href=\"https:\/\/sequenciaeng.versahost.com.br\/index.php\/servicos\/desmonte-de-rochas-e-perfuracao\/desmontes-em-mineracoes-a-ceu-aberto\/\">\n\n\t\t\t\t\t\t\t\t\t\t\t\t<span class=\"elementor-icon-list-icon\">\n\t\t\t\t\t\t\t<i aria-hidden=\"true\" class=\"fas fa-arrow-circle-right\"><\/i>\t\t\t\t\t\t<\/span>\n\t\t\t\t\t\t\t\t\t\t<span class=\"elementor-icon-list-text\">Desmontes em Minera\u00e7\u00f5es a C\u00e9u Aberto<\/span>\n\t\t\t\t\t\t\t\t\t\t\t<\/a>\n\t\t\t\t\t\t\t\t\t<\/li>\n\t\t\t\t\t\t\t\t<li class=\"elementor-icon-list-item\">\n\t\t\t\t\t\t\t\t\t\t\t<a href=\"https:\/\/sequenciaeng.versahost.com.br\/index.php\/servicos\/desmonte-de-rochas-e-perfuracao\/desmontes-para-abertura-de-canal\/\">\n\n\t\t\t\t\t\t\t\t\t\t\t\t<span class=\"elementor-icon-list-icon\">\n\t\t\t\t\t\t\t<i aria-hidden=\"true\" class=\"fas fa-arrow-circle-right\"><\/i>\t\t\t\t\t\t<\/span>\n\t\t\t\t\t\t\t\t\t\t<span class=\"elementor-icon-list-text\">Desmontes para Abertura de Canal<\/span>\n\t\t\t\t\t\t\t\t\t\t\t<\/a>\n\t\t\t\t\t\t\t\t\t<\/li>\n\t\t\t\t\t\t\t\t<li class=\"elementor-icon-list-item\">\n\t\t\t\t\t\t\t\t\t\t\t<a href=\"https:\/\/sequenciaeng.versahost.com.br\/index.php\/servicos\/desmonte-de-rochas-e-perfuracao\/desmontes-para-abertura-de-ferrovias\/\">\n\n\t\t\t\t\t\t\t\t\t\t\t\t<span class=\"elementor-icon-list-icon\">\n\t\t\t\t\t\t\t<i aria-hidden=\"true\" class=\"fas fa-arrow-circle-right\"><\/i>\t\t\t\t\t\t<\/span>\n\t\t\t\t\t\t\t\t\t\t<span class=\"elementor-icon-list-text\">Desmontes para Abertura de Ferrovias<\/span>\n\t\t\t\t\t\t\t\t\t\t\t<\/a>\n\t\t\t\t\t\t\t\t\t<\/li>\n\t\t\t\t\t\t\t\t<li class=\"elementor-icon-list-item\">\n\t\t\t\t\t\t\t\t\t\t\t<a href=\"https:\/\/sequenciaeng.versahost.com.br\/index.php\/servicos\/desmonte-de-rochas-e-perfuracao\/desmontes-para-abertura-de-rodovias\/\">\n\n\t\t\t\t\t\t\t\t\t\t\t\t<span class=\"elementor-icon-list-icon\">\n\t\t\t\t\t\t\t<i aria-hidden=\"true\" class=\"fas fa-arrow-circle-right\"><\/i>\t\t\t\t\t\t<\/span>\n\t\t\t\t\t\t\t\t\t\t<span class=\"elementor-icon-list-text\">Desmontes para Abertura de Rodovias<\/span>\n\t\t\t\t\t\t\t\t\t\t\t<\/a>\n\t\t\t\t\t\t\t\t\t<\/li>\n\t\t\t\t\t\t\t\t<li class=\"elementor-icon-list-item\">\n\t\t\t\t\t\t\t\t\t\t\t<a href=\"https:\/\/sequenciaeng.versahost.com.br\/index.php\/servicos\/desmonte-de-rochas-e-perfuracao\/desmontes-para-ampliacao-do-vertedouro-em-barragem-existente\/\">\n\n\t\t\t\t\t\t\t\t\t\t\t\t<span class=\"elementor-icon-list-icon\">\n\t\t\t\t\t\t\t<i aria-hidden=\"true\" class=\"fas fa-arrow-circle-right\"><\/i>\t\t\t\t\t\t<\/span>\n\t\t\t\t\t\t\t\t\t\t<span class=\"elementor-icon-list-text\">Desmontes para Amplia\u00e7\u00e3o do Vertedouro em Barragem Existente<\/span>\n\t\t\t\t\t\t\t\t\t\t\t<\/a>\n\t\t\t\t\t\t\t\t\t<\/li>\n\t\t\t\t\t\t\t\t<li class=\"elementor-icon-list-item\">\n\t\t\t\t\t\t\t\t\t\t\t<a href=\"https:\/\/sequenciaeng.versahost.com.br\/index.php\/servicos\/desmonte-de-rochas-e-perfuracao\/desmontes-para-escavacao-de-depositos-de-rejeitos\/\">\n\n\t\t\t\t\t\t\t\t\t\t\t\t<span class=\"elementor-icon-list-icon\">\n\t\t\t\t\t\t\t<i aria-hidden=\"true\" class=\"fas fa-arrow-circle-right\"><\/i>\t\t\t\t\t\t<\/span>\n\t\t\t\t\t\t\t\t\t\t<span class=\"elementor-icon-list-text\">Desmontes para Escava\u00e7\u00e3o de Dep\u00f3sitos de Rejeitos<\/span>\n\t\t\t\t\t\t\t\t\t\t\t<\/a>\n\t\t\t\t\t\t\t\t\t<\/li>\n\t\t\t\t\t\t\t\t<li class=\"elementor-icon-list-item\">\n\t\t\t\t\t\t\t\t\t\t\t<a href=\"https:\/\/sequenciaeng.versahost.com.br\/index.php\/servicos\/desmonte-de-rochas-e-perfuracao\/desmontes-para-escavacao-de-gasoduto\/\">\n\n\t\t\t\t\t\t\t\t\t\t\t\t<span class=\"elementor-icon-list-icon\">\n\t\t\t\t\t\t\t<i aria-hidden=\"true\" class=\"fas fa-arrow-circle-right\"><\/i>\t\t\t\t\t\t<\/span>\n\t\t\t\t\t\t\t\t\t\t<span class=\"elementor-icon-list-text\">Desmontes para Escava\u00e7\u00e3o de Gasoduto<\/span>\n\t\t\t\t\t\t\t\t\t\t\t<\/a>\n\t\t\t\t\t\t\t\t\t<\/li>\n\t\t\t\t\t\t\t\t<li class=\"elementor-icon-list-item\">\n\t\t\t\t\t\t\t\t\t\t\t<a href=\"https:\/\/sequenciaeng.versahost.com.br\/index.php\/servicos\/desmonte-de-rochas-e-perfuracao\/desmontes-para-escavacao-de-pchs\/\">\n\n\t\t\t\t\t\t\t\t\t\t\t\t<span class=\"elementor-icon-list-icon\">\n\t\t\t\t\t\t\t<i aria-hidden=\"true\" class=\"fas fa-arrow-circle-right\"><\/i>\t\t\t\t\t\t<\/span>\n\t\t\t\t\t\t\t\t\t\t<span class=\"elementor-icon-list-text\">Desmontes para Escava\u00e7\u00e3o de PCH's<\/span>\n\t\t\t\t\t\t\t\t\t\t\t<\/a>\n\t\t\t\t\t\t\t\t\t<\/li>\n\t\t\t\t\t\t\t\t<li class=\"elementor-icon-list-item\">\n\t\t\t\t\t\t\t\t\t\t\t<a href=\"https:\/\/sequenciaeng.versahost.com.br\/index.php\/servicos\/desmonte-de-rochas-e-perfuracao\/implosoes\/\">\n\n\t\t\t\t\t\t\t\t\t\t\t\t<span class=\"elementor-icon-list-icon\">\n\t\t\t\t\t\t\t<i aria-hidden=\"true\" class=\"fas fa-arrow-circle-right\"><\/i>\t\t\t\t\t\t<\/span>\n\t\t\t\t\t\t\t\t\t\t<span class=\"elementor-icon-list-text\">Implos\u00f5es<\/span>\n\t\t\t\t\t\t\t\t\t\t\t<\/a>\n\t\t\t\t\t\t\t\t\t<\/li>\n\t\t\t\t\t\t\t\t<li class=\"elementor-icon-list-item\">\n\t\t\t\t\t\t\t\t\t\t\t<a href=\"https:\/\/sequenciaeng.versahost.com.br\/index.php\/servicos\/desmonte-de-rochas-e-perfuracao\/terceirizacao-de-perfuracao-e-desmonte-em-pedreiras-e-mineracoes\/\">\n\n\t\t\t\t\t\t\t\t\t\t\t\t<span class=\"elementor-icon-list-icon\">\n\t\t\t\t\t\t\t<i aria-hidden=\"true\" class=\"fas fa-arrow-circle-right\"><\/i>\t\t\t\t\t\t<\/span>\n\t\t\t\t\t\t\t\t\t\t<span class=\"elementor-icon-list-text\">Terceiriza\u00e7\u00e3o de Desmonte e Perfura\u00e7\u00e3o em Pedreiras e Minera\u00e7\u00f5es<\/span>\n\t\t\t\t\t\t\t\t\t\t\t<\/a>\n\t\t\t\t\t\t\t\t\t<\/li>\n\t\t\t\t\t\t<\/ul>\n\t\t\t\t\t\t<\/div>\n\t\t\t\t<\/div>\n\t\t\t\t\t<\/div>\n\t\t<\/div>\n\t\t\t\t<div class=\"elementor-column elementor-col-50 elementor-top-column elementor-element elementor-element-eda9887\" data-id=\"eda9887\" data-element_type=\"column\" data-e-type=\"column\">\n\t\t\t<div class=\"elementor-widget-wrap elementor-element-populated\">\n\t\t\t\t\t\t<div class=\"elementor-element elementor-element-e108657 elementor-view-stacked elementor-shape-circle elementor-widget elementor-widget-icon\" data-id=\"e108657\" data-element_type=\"widget\" data-e-type=\"widget\" data-widget_type=\"icon.default\">\n\t\t\t\t<div class=\"elementor-widget-container\">\n\t\t\t\t\t\t\t<div class=\"elementor-icon-wrapper\">\n\t\t\t<div class=\"elementor-icon\">\n\t\t\t<svg xmlns=\"http:\/\/www.w3.org\/2000\/svg\" xmlns:xlink=\"http:\/\/www.w3.org\/1999\/xlink\" width=\"512\" viewBox=\"0 0 384 383.999986\" height=\"512\" preserveAspectRatio=\"xMidYMid meet\"><defs><clipPath id=\"ee4b7b33e6\"><path d=\"M 0 54 L 384 54 L 384 330.511719 L 0 330.511719 Z M 0 54 \" clip-rule=\"nonzero\"><\/path><\/clipPath><\/defs><g clip-path=\"url(#ee4b7b33e6)\"><path fill=\"#000000\" d=\"M 377.21875 250.148438 C 357.03125 251.320312 354.660156 262.402344 336.570312 263.480469 L 336.570312 62.636719 C 336.570312 61.707031 337.320312 60.925781 338.25 60.925781 L 375.539062 60.925781 C 376.46875 60.925781 377.21875 61.707031 377.21875 62.636719 Z M 377.21875 323.273438 L 6.78125 323.273438 L 6.78125 256.933594 C 25.648438 258.195312 27.210938 270.386719 50.488281 270.386719 C 74.25 270.386719 76.078125 256.816406 97.648438 256.816406 C 119.011719 256.816406 120.808594 270.386719 144.78125 270.386719 C 168.539062 270.386719 170.371094 256.816406 191.941406 256.816406 C 213.300781 256.816406 215.101562 270.386719 239.070312 270.386719 C 262.828125 270.386719 264.660156 256.816406 286.230469 256.816406 C 307.621094 256.816406 309.449219 270.386719 333.421875 270.386719 C 356.878906 270.386719 358.171875 258.226562 377.21875 256.933594 Z M 6.78125 62.636719 C 6.78125 61.707031 7.53125 60.925781 8.460938 60.925781 L 45.75 60.925781 C 46.648438 60.925781 47.429688 61.707031 47.429688 62.636719 L 47.429688 263.511719 C 30.03125 262.460938 26.460938 251.289062 6.78125 250.148438 Z M 79.621094 173.421875 L 79.621094 158.164062 C 79.621094 149.757812 86.460938 142.910156 94.859375 142.910156 C 103.261719 142.910156 110.101562 149.757812 110.101562 158.164062 L 110.101562 173.421875 Z M 100.800781 180.207031 L 115.558594 253.421875 C 111.058594 251.46875 105.601562 250.027344 97.648438 250.027344 C 85.648438 250.027344 79.289062 253.332031 73.441406 256.695312 L 88.921875 180.207031 Z M 176.761719 173.421875 L 176.761719 158.164062 C 176.761719 149.757812 183.601562 142.910156 192 142.910156 C 200.398438 142.910156 207.238281 149.757812 207.238281 158.164062 L 207.238281 173.421875 Z M 197.910156 180.207031 L 213.03125 254.953125 C 200.128906 248.226562 183.449219 248.4375 170.96875 254.894531 L 186.089844 180.207031 Z M 273.898438 173.421875 L 273.898438 158.164062 C 273.898438 149.757812 280.738281 142.910156 289.140625 142.910156 C 297.539062 142.910156 304.378906 149.757812 304.378906 158.164062 L 304.378906 173.421875 Z M 295.078125 180.207031 L 310.589844 256.726562 C 304.648438 253.359375 298.289062 250.027344 286.230469 250.027344 C 278.339844 250.027344 272.910156 251.46875 268.441406 253.390625 L 283.199219 180.207031 Z M 54.210938 85.820312 L 329.789062 85.820312 L 329.789062 263.480469 C 325.019531 263.121094 321.421875 262.128906 318.328125 260.808594 L 302.011719 180.207031 L 311.160156 180.207031 L 311.160156 158.164062 C 311.160156 146.003906 301.289062 136.121094 289.140625 136.121094 C 276.988281 136.121094 267.121094 146.003906 267.121094 158.164062 L 267.121094 180.207031 L 276.300781 180.207031 L 260.699219 257.414062 C 255.121094 260.628906 249.78125 263.601562 239.070312 263.601562 C 230.488281 263.601562 225.359375 261.679688 220.800781 259.277344 L 204.808594 180.207031 L 214.019531 180.207031 L 214.019531 158.164062 C 214.019531 146.003906 204.148438 136.121094 192 136.121094 C 179.851562 136.121094 169.980469 146.003906 169.980469 158.164062 L 169.980469 180.207031 L 179.191406 180.207031 L 163.171875 259.21875 C 158.578125 261.648438 153.449219 263.601562 144.78125 263.601562 C 134.160156 263.601562 128.820312 260.660156 123.300781 257.503906 L 107.699219 180.207031 L 116.878906 180.207031 L 116.878906 158.164062 C 116.878906 146.003906 107.011719 136.121094 94.859375 136.121094 C 82.710938 136.121094 72.839844 146.003906 72.839844 158.164062 L 72.839844 180.207031 L 81.988281 180.207031 L 65.671875 260.777344 C 62.578125 262.101562 58.980469 263.121094 54.210938 263.480469 Z M 375.539062 54.140625 L 338.25 54.140625 C 333.570312 54.140625 329.789062 57.953125 329.789062 62.636719 L 329.789062 79.035156 L 54.210938 79.035156 L 54.210938 62.636719 C 54.210938 57.953125 50.429688 54.140625 45.75 54.140625 L 8.460938 54.140625 C 3.808594 54.140625 0 57.953125 0 62.636719 L 0 323.84375 C 0 327.265625 2.789062 330.058594 6.210938 330.058594 L 377.789062 330.058594 C 381.210938 330.058594 384 327.265625 384 323.84375 L 384 62.636719 C 384 57.953125 380.21875 54.140625 375.539062 54.140625 \" fill-opacity=\"1\" fill-rule=\"nonzero\"><\/path><\/g><\/svg>\t\t\t<\/div>\n\t\t<\/div>\n\t\t\t\t\t\t<\/div>\n\t\t\t\t<\/div>\n\t\t\t\t<div class=\"elementor-element elementor-element-2aa2bac elementor-widget elementor-widget-text-editor\" data-id=\"2aa2bac\" data-element_type=\"widget\" data-e-type=\"widget\" data-widget_type=\"text-editor.default\">\n\t\t\t\t<div class=\"elementor-widget-container\">\n\t\t\t\t\t\t\t\t\t<p>Um dos casos de desmontes mais cuidadosos j\u00e1 conduzidos pela Seq\u00fc\u00eancia Engenharia foi o da amplia\u00e7\u00e3o do vertedouro da Barragem do Diogo, na mina de \u00c1gua Limpa da CVRD, onde foram executados cerca de 10.000 m3 de desmonte supercontrolado, situado por vezes a menos de 25 metros de uma barragem de rejeitos preexistente. Contratante Camter Constru\u00e7\u00f5es S. A.<\/p><p>\u00a0<\/p><p>Al\u00e9m do controle com sism\u00f3grafos situados no corpo da barragem, esta opera\u00e7\u00e3o envolveu a realiza\u00e7\u00e3o de pr\u00e9-fissuramentos de todas as superf\u00edcies do novo canal, sendo necess\u00e1ria, em alguns casos, a utiliza\u00e7\u00e3o de argamassa expansiva para a conforma\u00e7\u00e3o das superf\u00edcies finais.<\/p>\t\t\t\t\t\t\t\t<\/div>\n\t\t\t\t<\/div>\n\t\t\t\t<div class=\"elementor-element elementor-element-43195c0 elementor-widget elementor-widget-image\" data-id=\"43195c0\" data-element_type=\"widget\" data-e-type=\"widget\" data-widget_type=\"image.default\">\n\t\t\t\t<div class=\"elementor-widget-container\">\n\t\t\t\t\t\t\t\t\t\t\t\t\t\t\t<img fetchpriority=\"high\" decoding=\"async\" width=\"764\" height=\"285\" src=\"https:\/\/sequenciaeng.versahost.com.br\/wp-content\/uploads\/2023\/04\/SITESE2-jpg.webp\" class=\"attachment-full size-full wp-image-1238\" alt=\"Desmontes Para Amplia\u00e7\u00e3o do Vertedouro em Barragem Existente\" srcset=\"https:\/\/sequenciaeng.versahost.com.br\/wp-content\/uploads\/2023\/04\/SITESE2-jpg.webp 764w, https:\/\/sequenciaeng.versahost.com.br\/wp-content\/uploads\/2023\/04\/SITESE2-300x112.webp 300w\" sizes=\"(max-width: 764px) 100vw, 764px\" \/>\t\t\t\t\t\t\t\t\t\t\t\t\t\t\t<\/div>\n\t\t\t\t<\/div>\n\t\t\t\t\t<\/div>\n\t\t<\/div>\n\t\t\t\t\t<\/div>\n\t\t<\/section>\n\t\t\t\t<\/div>\n\t\t","protected":false},"excerpt":{"rendered":"<p>Desmontes para Amplia\u00e7\u00e3o do Vertedouro em Barragem Existente Realizamos amplia\u00e7\u00e3o de vertedouro de barragem existente com desmonte supercontrolado envolvendo\u00a0realiza\u00e7\u00e3o de pr\u00e9-fissuramentos Aplica\u00e7\u00f5es Desmonte de Rochas e Perfura\u00e7\u00e3o Desmontes Controlados Desmontes em Minera\u00e7\u00f5es a C\u00e9u Aberto Desmontes para Abertura de Canal Desmontes para Abertura de Ferrovias Desmontes para Abertura de Rodovias Desmontes para Amplia\u00e7\u00e3o do Vertedouro [&hellip;]<\/p>\n","protected":false},"author":1,"featured_media":0,"parent":1057,"menu_order":6,"comment_status":"closed","ping_status":"closed","template":"","meta":{"site-sidebar-layout":"no-sidebar","site-content-layout":"page-builder","ast-site-content-layout":"default","site-content-style":"default","site-sidebar-style":"default","ast-global-header-display":"","ast-banner-title-visibility":"","ast-main-header-display":"","ast-hfb-above-header-display":"","ast-hfb-below-header-display":"","ast-hfb-mobile-header-display":"","site-post-title":"disabled","ast-breadcrumbs-content":"disabled","ast-featured-img":"disabled","footer-sml-layout":"disabled","ast-disable-related-posts":"","theme-transparent-header-meta":"enabled","adv-header-id-meta":"","stick-header-meta":"","header-above-stick-meta":"","header-main-stick-meta":"","header-below-stick-meta":"","astra-migrate-meta-layouts":"default","ast-page-background-enabled":"default","ast-page-background-meta":{"desktop":{"background-color":"","background-image":"","background-repeat":"repeat","background-position":"center center","background-size":"auto","background-attachment":"scroll","background-type":"","background-media":"","overlay-type":"","overlay-color":"","overlay-opacity":"","overlay-gradient":""},"tablet":{"background-color":"","background-image":"","background-repeat":"repeat","background-position":"center center","background-size":"auto","background-attachment":"scroll","background-type":"","background-media":"","overlay-type":"","overlay-color":"","overlay-opacity":"","overlay-gradient":""},"mobile":{"background-color":"","background-image":"","background-repeat":"repeat","background-position":"center center","background-size":"auto","background-attachment":"scroll","background-type":"","background-media":"","overlay-type":"","overlay-color":"","overlay-opacity":"","overlay-gradient":""}},"ast-content-background-meta":{"desktop":{"background-color":"var(--ast-global-color-5)","background-image":"","background-repeat":"repeat","background-position":"center center","background-size":"auto","background-attachment":"scroll","background-type":"","background-media":"","overlay-type":"","overlay-color":"","overlay-opacity":"","overlay-gradient":""},"tablet":{"background-color":"var(--ast-global-color-5)","background-image":"","background-repeat":"repeat","background-position":"center center","background-size":"auto","background-attachment":"scroll","background-type":"","background-media":"","overlay-type":"","overlay-color":"","overlay-opacity":"","overlay-gradient":""},"mobile":{"background-color":"var(--ast-global-color-5)","background-image":"","background-repeat":"repeat","background-position":"center center","background-size":"auto","background-attachment":"scroll","background-type":"","background-media":"","overlay-type":"","overlay-color":"","overlay-opacity":"","overlay-gradient":""}},"footnotes":""},"class_list":["post-1235","page","type-page","status-publish","hentry"],"_links":{"self":[{"href":"https:\/\/sequenciaeng.versahost.com.br\/index.php\/wp-json\/wp\/v2\/pages\/1235","targetHints":{"allow":["GET"]}}],"collection":[{"href":"https:\/\/sequenciaeng.versahost.com.br\/index.php\/wp-json\/wp\/v2\/pages"}],"about":[{"href":"https:\/\/sequenciaeng.versahost.com.br\/index.php\/wp-json\/wp\/v2\/types\/page"}],"author":[{"embeddable":true,"href":"https:\/\/sequenciaeng.versahost.com.br\/index.php\/wp-json\/wp\/v2\/users\/1"}],"replies":[{"embeddable":true,"href":"https:\/\/sequenciaeng.versahost.com.br\/index.php\/wp-json\/wp\/v2\/comments?post=1235"}],"version-history":[{"count":22,"href":"https:\/\/sequenciaeng.versahost.com.br\/index.php\/wp-json\/wp\/v2\/pages\/1235\/revisions"}],"predecessor-version":[{"id":1468,"href":"https:\/\/sequenciaeng.versahost.com.br\/index.php\/wp-json\/wp\/v2\/pages\/1235\/revisions\/1468"}],"up":[{"embeddable":true,"href":"https:\/\/sequenciaeng.versahost.com.br\/index.php\/wp-json\/wp\/v2\/pages\/1057"}],"wp:attachment":[{"href":"https:\/\/sequenciaeng.versahost.com.br\/index.php\/wp-json\/wp\/v2\/media?parent=1235"}],"curies":[{"name":"wp","href":"https:\/\/api.w.org\/{rel}","templated":true}]}}