{"id":565,"date":"2023-04-13T14:38:40","date_gmt":"2023-04-13T17:38:40","guid":{"rendered":"https:\/\/sequenciaeng.versahost.com.br\/?page_id=565"},"modified":"2023-04-27T10:06:43","modified_gmt":"2023-04-27T13:06:43","slug":"monitoramento-de-vibracoes","status":"publish","type":"page","link":"https:\/\/sequenciaeng.versahost.com.br\/index.php\/servicos\/monitoramento-de-vibracoes\/","title":{"rendered":"Monitoramento de Vibra\u00e7\u00f5es"},"content":{"rendered":"\t\t<div data-elementor-type=\"wp-page\" data-elementor-id=\"565\" class=\"elementor elementor-565\" data-elementor-post-type=\"page\">\n\t\t\t\t\t\t<section class=\"elementor-section elementor-top-section elementor-element elementor-element-bc9762e elementor-section-height-min-height elementor-section-boxed elementor-section-height-default elementor-section-items-middle\" data-id=\"bc9762e\" data-element_type=\"section\" data-e-type=\"section\" data-settings=\"{&quot;background_background&quot;:&quot;classic&quot;}\">\n\t\t\t\t\t\t\t<div class=\"elementor-background-overlay\"><\/div>\n\t\t\t\t\t\t\t<div class=\"elementor-container elementor-column-gap-no\">\n\t\t\t\t\t<div class=\"elementor-column elementor-col-100 elementor-top-column elementor-element elementor-element-190cfe8\" data-id=\"190cfe8\" data-element_type=\"column\" data-e-type=\"column\">\n\t\t\t<div class=\"elementor-widget-wrap elementor-element-populated\">\n\t\t\t\t\t\t<div class=\"elementor-element elementor-element-3c43d33 elementor-widget elementor-widget-heading\" data-id=\"3c43d33\" data-element_type=\"widget\" data-e-type=\"widget\" data-widget_type=\"heading.default\">\n\t\t\t\t<div class=\"elementor-widget-container\">\n\t\t\t\t\t<h1 class=\"elementor-heading-title elementor-size-default\">Monitoramento de Vibra\u00e7\u00f5es<\/h1>\t\t\t\t<\/div>\n\t\t\t\t<\/div>\n\t\t\t\t<div class=\"elementor-element elementor-element-d49cb75 elementor-widget elementor-widget-text-editor\" data-id=\"d49cb75\" data-element_type=\"widget\" data-e-type=\"widget\" data-widget_type=\"text-editor.default\">\n\t\t\t\t<div class=\"elementor-widget-container\">\n\t\t\t\t\t\t\t\t\t<p>Realizamos trabalhos de sismografia em diversos empreendimentos mineiros, tanto de minera\u00e7\u00f5es a c\u00e9u aberto como subterr\u00e2neas, e em obras civis, como duplica\u00e7\u00e3o de rodovias, hidroel\u00e9tricas, travessia de trincheiras sob linhas de transmiss\u00e3o, entre outros.<\/p>\t\t\t\t\t\t\t\t<\/div>\n\t\t\t\t<\/div>\n\t\t\t\t\t<\/div>\n\t\t<\/div>\n\t\t\t\t\t<\/div>\n\t\t<\/section>\n\t\t\t\t<section class=\"elementor-section elementor-top-section elementor-element elementor-element-t47g7d5 elementor-section-content-middle elementor-section-boxed elementor-section-height-default elementor-section-height-default\" data-id=\"t47g7d5\" data-element_type=\"section\" data-e-type=\"section\" data-settings=\"{&quot;background_background&quot;:&quot;classic&quot;}\">\n\t\t\t\t\t\t<div class=\"elementor-container elementor-column-gap-no\">\n\t\t\t\t\t<div class=\"elementor-column elementor-col-50 elementor-top-column elementor-element elementor-element-258231d\" data-id=\"258231d\" data-element_type=\"column\" data-e-type=\"column\">\n\t\t\t<div class=\"elementor-widget-wrap elementor-element-populated\">\n\t\t\t\t\t\t<div class=\"elementor-element elementor-element-88cf4f9 elementor-position-inline-end elementor-view-default elementor-mobile-position-block-start elementor-widget elementor-widget-icon-box\" data-id=\"88cf4f9\" data-element_type=\"widget\" data-e-type=\"widget\" data-settings=\"{&quot;sticky&quot;:&quot;top&quot;,&quot;sticky_offset&quot;:150,&quot;sticky_effects_offset&quot;:150,&quot;sticky_parent&quot;:&quot;yes&quot;,&quot;sticky_on&quot;:[&quot;desktop&quot;,&quot;tablet&quot;,&quot;mobile&quot;],&quot;sticky_anchor_link_offset&quot;:0}\" data-widget_type=\"icon-box.default\">\n\t\t\t\t<div class=\"elementor-widget-container\">\n\t\t\t\t\t\t\t<div class=\"elementor-icon-box-wrapper\">\n\n\t\t\t\t\t\t<div class=\"elementor-icon-box-icon\">\n\t\t\t\t<span  class=\"elementor-icon elementor-animation-wobble-vertical\">\n\t\t\t\t<i aria-hidden=\"true\" class=\"fas fa-chevron-down\"><\/i>\t\t\t\t<\/span>\n\t\t\t<\/div>\n\t\t\t\n\t\t\t\t\t\t<div class=\"elementor-icon-box-content\">\n\n\t\t\t\t\t\t\t\t\t<h4 class=\"elementor-icon-box-title\">\n\t\t\t\t\t\t<span  >\n\t\t\t\t\t\t\tAplica\u00e7\u00f5es\t\t\t\t\t\t<\/span>\n\t\t\t\t\t<\/h4>\n\t\t\t\t\n\t\t\t\t\n\t\t\t<\/div>\n\t\t\t\n\t\t<\/div>\n\t\t\t\t\t\t<\/div>\n\t\t\t\t<\/div>\n\t\t\t\t<div class=\"elementor-element elementor-element-9f191ec elementor-align-start elementor-icon-list--layout-traditional elementor-list-item-link-full_width elementor-widget elementor-widget-icon-list\" data-id=\"9f191ec\" data-element_type=\"widget\" data-e-type=\"widget\" data-settings=\"{&quot;sticky&quot;:&quot;top&quot;,&quot;sticky_offset&quot;:230,&quot;sticky_effects_offset&quot;:230,&quot;sticky_parent&quot;:&quot;yes&quot;,&quot;sticky_on&quot;:[&quot;desktop&quot;,&quot;tablet&quot;,&quot;mobile&quot;],&quot;sticky_anchor_link_offset&quot;:0}\" data-widget_type=\"icon-list.default\">\n\t\t\t\t<div class=\"elementor-widget-container\">\n\t\t\t\t\t\t\t<ul class=\"elementor-icon-list-items\">\n\t\t\t\t\t\t\t<li class=\"elementor-icon-list-item\">\n\t\t\t\t\t\t\t\t\t\t\t<a href=\"https:\/\/sequenciaeng.versahost.com.br\/index.php\/servicos\/monitoramento-de-vibracoes\/\">\n\n\t\t\t\t\t\t\t\t\t\t\t\t<span class=\"elementor-icon-list-icon\">\n\t\t\t\t\t\t\t<i aria-hidden=\"true\" class=\"fas fa-arrow-circle-right\"><\/i>\t\t\t\t\t\t<\/span>\n\t\t\t\t\t\t\t\t\t\t<span class=\"elementor-icon-list-text\">Monitoramento de Vibra\u00e7\u00f5es<\/span>\n\t\t\t\t\t\t\t\t\t\t\t<\/a>\n\t\t\t\t\t\t\t\t\t<\/li>\n\t\t\t\t\t\t\t\t<li class=\"elementor-icon-list-item\">\n\t\t\t\t\t\t\t\t\t\t\t<a href=\"https:\/\/sequenciaeng.versahost.com.br\/index.php\/servicos\/monitoramento-de-vibracoes\/avaliacao-sismografica-de-detonacoes-proximas-as-cavidades-naturais-subterraneas\/\">\n\n\t\t\t\t\t\t\t\t\t\t\t\t<span class=\"elementor-icon-list-icon\">\n\t\t\t\t\t\t\t<i aria-hidden=\"true\" class=\"fas fa-arrow-circle-right\"><\/i>\t\t\t\t\t\t<\/span>\n\t\t\t\t\t\t\t\t\t\t<span class=\"elementor-icon-list-text\">Avalia\u00e7\u00e3o Sismogr\u00e1fica de Detona\u00e7\u00f5es Pr\u00f3ximas \u00e0s Cavidades Naturais Subterr\u00e2neas<\/span>\n\t\t\t\t\t\t\t\t\t\t\t<\/a>\n\t\t\t\t\t\t\t\t\t<\/li>\n\t\t\t\t\t\t\t\t<li class=\"elementor-icon-list-item\">\n\t\t\t\t\t\t\t\t\t\t\t<a href=\"https:\/\/sequenciaeng.versahost.com.br\/index.php\/servicos\/monitoramento-de-vibracoes\/avaliacao-sismografica-em-areas-urbanas\/\">\n\n\t\t\t\t\t\t\t\t\t\t\t\t<span class=\"elementor-icon-list-icon\">\n\t\t\t\t\t\t\t<i aria-hidden=\"true\" class=\"fas fa-arrow-circle-right\"><\/i>\t\t\t\t\t\t<\/span>\n\t\t\t\t\t\t\t\t\t\t<span class=\"elementor-icon-list-text\">Avalia\u00e7\u00e3o Sismogr\u00e1fica em \u00c1reas Urbanas<\/span>\n\t\t\t\t\t\t\t\t\t\t\t<\/a>\n\t\t\t\t\t\t\t\t\t<\/li>\n\t\t\t\t\t\t\t\t<li class=\"elementor-icon-list-item\">\n\t\t\t\t\t\t\t\t\t\t\t<a href=\"https:\/\/sequenciaeng.versahost.com.br\/index.php\/servicos\/monitoramento-de-vibracoes\/avaliacao-sismografica-em-patrimonio-historico\/\">\n\n\t\t\t\t\t\t\t\t\t\t\t\t<span class=\"elementor-icon-list-icon\">\n\t\t\t\t\t\t\t<i aria-hidden=\"true\" class=\"fas fa-arrow-circle-right\"><\/i>\t\t\t\t\t\t<\/span>\n\t\t\t\t\t\t\t\t\t\t<span class=\"elementor-icon-list-text\">Avalia\u00e7\u00e3o Sismogr\u00e1fica em Patrim\u00f4nio Hist\u00f3rico<\/span>\n\t\t\t\t\t\t\t\t\t\t\t<\/a>\n\t\t\t\t\t\t\t\t\t<\/li>\n\t\t\t\t\t\t\t\t<li class=\"elementor-icon-list-item\">\n\t\t\t\t\t\t\t\t\t\t\t<a href=\"https:\/\/sequenciaeng.versahost.com.br\/index.php\/servicos\/monitoramento-de-vibracoes\/controle-de-vibracao-em-taludes-e-obras-civis\/\">\n\n\t\t\t\t\t\t\t\t\t\t\t\t<span class=\"elementor-icon-list-icon\">\n\t\t\t\t\t\t\t<i aria-hidden=\"true\" class=\"fas fa-arrow-circle-right\"><\/i>\t\t\t\t\t\t<\/span>\n\t\t\t\t\t\t\t\t\t\t<span class=\"elementor-icon-list-text\">Controle de Vibra\u00e7\u00e3o em Taludes e Obras Civis<\/span>\n\t\t\t\t\t\t\t\t\t\t\t<\/a>\n\t\t\t\t\t\t\t\t\t<\/li>\n\t\t\t\t\t\t\t\t<li class=\"elementor-icon-list-item\">\n\t\t\t\t\t\t\t\t\t\t\t<a href=\"https:\/\/sequenciaeng.versahost.com.br\/index.php\/servicos\/monitoramento-de-vibracoes\/determinacao-de-zonas-de-dano-em-galerias-subterraneas\/\">\n\n\t\t\t\t\t\t\t\t\t\t\t\t<span class=\"elementor-icon-list-icon\">\n\t\t\t\t\t\t\t<i aria-hidden=\"true\" class=\"fas fa-arrow-circle-right\"><\/i>\t\t\t\t\t\t<\/span>\n\t\t\t\t\t\t\t\t\t\t<span class=\"elementor-icon-list-text\">Determina\u00e7\u00e3o de Zonas de Dano em Galerias Subterr\u00e2neas<\/span>\n\t\t\t\t\t\t\t\t\t\t\t<\/a>\n\t\t\t\t\t\t\t\t\t<\/li>\n\t\t\t\t\t\t\t\t<li class=\"elementor-icon-list-item\">\n\t\t\t\t\t\t\t\t\t\t\t<a href=\"https:\/\/sequenciaeng.versahost.com.br\/index.php\/servicos\/monitoramento-de-vibracoes\/monitoramento-sismografico-remoto\/\">\n\n\t\t\t\t\t\t\t\t\t\t\t\t<span class=\"elementor-icon-list-icon\">\n\t\t\t\t\t\t\t<i aria-hidden=\"true\" class=\"fas fa-arrow-circle-right\"><\/i>\t\t\t\t\t\t<\/span>\n\t\t\t\t\t\t\t\t\t\t<span class=\"elementor-icon-list-text\">Monitoramento Sismogr\u00e1fico Remoto<\/span>\n\t\t\t\t\t\t\t\t\t\t\t<\/a>\n\t\t\t\t\t\t\t\t\t<\/li>\n\t\t\t\t\t\t<\/ul>\n\t\t\t\t\t\t<\/div>\n\t\t\t\t<\/div>\n\t\t\t\t\t<\/div>\n\t\t<\/div>\n\t\t\t\t<div class=\"elementor-column elementor-col-50 elementor-top-column elementor-element elementor-element-eda9887\" data-id=\"eda9887\" data-element_type=\"column\" data-e-type=\"column\">\n\t\t\t<div class=\"elementor-widget-wrap elementor-element-populated\">\n\t\t\t\t\t\t<div class=\"elementor-element elementor-element-e108657 elementor-view-stacked elementor-shape-circle elementor-widget elementor-widget-icon\" data-id=\"e108657\" data-element_type=\"widget\" data-e-type=\"widget\" data-widget_type=\"icon.default\">\n\t\t\t\t<div class=\"elementor-widget-container\">\n\t\t\t\t\t\t\t<div class=\"elementor-icon-wrapper\">\n\t\t\t<div class=\"elementor-icon\">\n\t\t\t<svg xmlns=\"http:\/\/www.w3.org\/2000\/svg\" xmlns:xlink=\"http:\/\/www.w3.org\/1999\/xlink\" width=\"512\" viewBox=\"0 0 384 383.999986\" height=\"512\" preserveAspectRatio=\"xMidYMid meet\"><defs><clipPath id=\"a153b6a327\"><path d=\"M 0.539062 53.761719 L 383.460938 53.761719 L 383.460938 330.191406 L 0.539062 330.191406 Z M 0.539062 53.761719 \" clip-rule=\"nonzero\"><\/path><\/clipPath><\/defs><g clip-path=\"url(#a153b6a327)\"><path fill=\"#000000\" d=\"M 379.722656 219.542969 L 299.636719 219.542969 C 298.199219 219.542969 296.882812 220.378906 296.257812 221.699219 L 285.695312 244.039062 L 273.910156 174.773438 C 273.609375 172.976562 272.054688 171.65625 270.230469 171.628906 C 270.230469 171.628906 270.230469 171.628906 270.199219 171.628906 C 268.375 171.628906 266.820312 172.945312 266.519531 174.742188 L 245.011719 296.351562 L 227.03125 57.203125 C 226.882812 55.289062 225.296875 53.789062 223.382812 53.730469 C 221.136719 53.609375 219.820312 55.078125 219.550781 56.996094 L 194.574219 240.472656 L 184.582031 201.183594 C 184.222656 199.71875 183.023438 198.640625 181.558594 198.398438 C 180.09375 198.128906 178.597656 198.820312 177.789062 200.105469 L 160.109375 228.105469 L 151.433594 199.179688 C 150.957031 197.589844 149.488281 196.511719 147.84375 196.511719 C 146.167969 196.511719 144.734375 197.589844 144.226562 199.179688 L 121.488281 274.882812 L 109.253906 119.820312 C 109.105469 118.023438 107.699219 116.585938 105.902344 116.40625 C 104.136719 116.167969 102.402344 117.335938 101.894531 119.074219 L 72.335938 219.542969 L 4.277344 219.542969 C 2.214844 219.542969 0.539062 221.21875 0.539062 223.285156 C 0.539062 225.351562 2.214844 227.058594 4.277344 227.058594 L 75.148438 227.058594 C 76.792969 227.058594 78.261719 225.949219 78.738281 224.363281 L 103.359375 140.695312 L 115.566406 295.425781 C 115.714844 297.222656 117.121094 298.6875 118.914062 298.867188 C 120.679688 299.046875 122.386719 297.941406 122.894531 296.203125 L 147.816406 213.3125 L 155.261719 238.167969 C 155.710938 239.605469 156.910156 240.625 158.375 240.832031 C 159.8125 241.011719 161.246094 240.355469 162.054688 239.097656 L 179.464844 211.484375 L 192.058594 261.046875 C 192.480469 262.8125 194.09375 263.953125 195.890625 263.890625 C 197.683594 263.773438 199.148438 262.425781 199.390625 260.628906 L 222.214844 93.199219 L 239.773438 326.71875 C 239.925781 328.605469 241.449219 330.101562 243.335938 330.191406 C 243.394531 330.191406 243.453125 330.191406 243.515625 330.191406 C 245.339844 330.191406 246.894531 328.90625 247.222656 327.109375 L 270.140625 197.351562 L 280.3125 257.0625 C 280.582031 258.679688 281.867188 259.9375 283.511719 260.179688 C 285.15625 260.386719 286.714844 259.550781 287.402344 258.050781 L 302.03125 227.058594 L 379.722656 227.058594 C 381.785156 227.058594 383.460938 225.351562 383.460938 223.285156 C 383.460938 221.21875 381.785156 219.542969 379.722656 219.542969 \" fill-opacity=\"1\" fill-rule=\"nonzero\"><\/path><\/g><\/svg>\t\t\t<\/div>\n\t\t<\/div>\n\t\t\t\t\t\t<\/div>\n\t\t\t\t<\/div>\n\t\t\t\t<div class=\"elementor-element elementor-element-ac7db94 elementor-widget elementor-widget-heading\" data-id=\"ac7db94\" data-element_type=\"widget\" data-e-type=\"widget\" data-widget_type=\"heading.default\">\n\t\t\t\t<div class=\"elementor-widget-container\">\n\t\t\t\t\t<h2 class=\"elementor-heading-title elementor-size-default\">Sismografia<\/h2>\t\t\t\t<\/div>\n\t\t\t\t<\/div>\n\t\t\t\t<div class=\"elementor-element elementor-element-2aa2bac elementor-widget elementor-widget-text-editor\" data-id=\"2aa2bac\" data-element_type=\"widget\" data-e-type=\"widget\" data-widget_type=\"text-editor.default\">\n\t\t\t\t<div class=\"elementor-widget-container\">\n\t\t\t\t\t\t\t\t\t<p>A sequ\u00eancia Engenharia realiza monitoramento sismogr\u00e1fico em meio ambiente e constru\u00e7\u00e3o civil, \u00e1reas habitadas, cavidades, ambientes internos e externos.<\/p><p>\u00a0<\/p><p>Al\u00e9m disso, desenvolvemos trabalhos tamb\u00e9m em obras civis (duplica\u00e7\u00e3o de rodovias, hidroel\u00e9tricas, travessia de trincheiras sob linhas de transmiss\u00e3o, etc.).<\/p><p>\u00a0<\/p><p>A principal preocupa\u00e7\u00e3o nos estudos sismogr\u00e1ficos tem sido a compatibiliza\u00e7\u00e3o da atividade da mineradora e\/ou obra civil com o conv\u00edvio harmonioso com as comunidades que habitam o seu entorno e\/ou a preserva\u00e7\u00e3o das estruturas vizinhas \u00e0s detona\u00e7\u00f5es.<\/p><p>\u00a0<\/p><p>Para a realiza\u00e7\u00e3o destes estudos, a Sequ\u00eancia utiliza sism\u00f3grafos de engenharia dotados de geofones triaxiais e microfone, que nos permitem a determina\u00e7\u00e3o da Velocidade de Vibra\u00e7\u00e3o de Part\u00edcula (vibra\u00e7\u00f5es no terreno) e Determina\u00e7\u00e3o da Press\u00e3o Ac\u00fastica (ondas no ar) de um ponto especificado em rela\u00e7\u00e3o a uma determinada fonte de vibra\u00e7\u00e3o por monitoramento sismogr\u00e1fico ou monitoramento sismogr\u00e1fico automatizado e remoto.<\/p><p>\u00a0<\/p><p>Comparando-se os resultados obtidos com os limites presentes na norma ABNT NBR ISO 9653:2018 e em outras normas internacionais (USBM, etc.), os dados coletados s\u00e3o analisados em softwares espec\u00edficos que permitem elaborar curvas de atenua\u00e7\u00e3o das ondas, gerando tabelas que relacionam a carga m\u00e1xima por espera poss\u00edvel para o desmonte com a dist\u00e2ncia deste ao local onde possam estar ocorrendo problemas ou reclama\u00e7\u00f5es.<\/p><p>\u00a0<\/p><p>Buscando assegurar a satisfa\u00e7\u00e3o de nossos clientes com produtos e servi\u00e7os de qualidade atrav\u00e9s de processos modernos, colaboradores qualificados e a melhoria cont\u00ednua de nosso sistema de gest\u00e3o da qualidade, o Laborat\u00f3rio de Sismografia \u00e9 acreditado pela Coordena\u00e7\u00e3o Geral de Acredita\u00e7\u00e3o do INMETRO (CGCRE) de acordo com os crit\u00e9rios da ABNT NBR ISO\/IEC 17025:2017.<\/p>\t\t\t\t\t\t\t\t<\/div>\n\t\t\t\t<\/div>\n\t\t\t\t<section class=\"elementor-section elementor-inner-section elementor-element elementor-element-a195b59 elementor-section-boxed elementor-section-height-default elementor-section-height-default\" data-id=\"a195b59\" data-element_type=\"section\" data-e-type=\"section\">\n\t\t\t\t\t\t<div class=\"elementor-container elementor-column-gap-default\">\n\t\t\t\t\t<div class=\"elementor-column elementor-col-50 elementor-inner-column elementor-element elementor-element-5e1e199\" data-id=\"5e1e199\" data-element_type=\"column\" data-e-type=\"column\">\n\t\t\t<div class=\"elementor-widget-wrap elementor-element-populated\">\n\t\t\t\t\t\t<div class=\"elementor-element elementor-element-64a790a elementor-position-top elementor-widget elementor-widget-image-box\" data-id=\"64a790a\" data-element_type=\"widget\" data-e-type=\"widget\" data-widget_type=\"image-box.default\">\n\t\t\t\t<div class=\"elementor-widget-container\">\n\t\t\t\t\t<div class=\"elementor-image-box-wrapper\"><figure class=\"elementor-image-box-img\"><a href=\"http:\/\/www.inmetro.gov.br\/laboratorios\/rble\/detalhe_laboratorio.asp?nom_apelido=SEQU%CANCIA\" target=\"_blank\" tabindex=\"-1\"><img fetchpriority=\"high\" decoding=\"async\" width=\"803\" height=\"542\" src=\"https:\/\/sequenciaeng.versahost.com.br\/wp-content\/uploads\/2023\/04\/Site-Sequencia-Quem-Somos-Certificado-de-Acreditacao-803-x-542-jpg.webp\" class=\"attachment-full size-full wp-image-661\" alt=\"\" srcset=\"https:\/\/sequenciaeng.versahost.com.br\/wp-content\/uploads\/2023\/04\/Site-Sequencia-Quem-Somos-Certificado-de-Acreditacao-803-x-542-jpg.webp 803w, https:\/\/sequenciaeng.versahost.com.br\/wp-content\/uploads\/2023\/04\/Site-Sequencia-Quem-Somos-Certificado-de-Acreditacao-803-x-542-300x202.webp 300w, https:\/\/sequenciaeng.versahost.com.br\/wp-content\/uploads\/2023\/04\/Site-Sequencia-Quem-Somos-Certificado-de-Acreditacao-803-x-542-768x518.webp 768w\" sizes=\"(max-width: 803px) 100vw, 803px\" \/><\/a><\/figure><div class=\"elementor-image-box-content\"><h3 class=\"elementor-image-box-title\"><a href=\"http:\/\/www.inmetro.gov.br\/laboratorios\/rble\/detalhe_laboratorio.asp?nom_apelido=SEQU%CANCIA\" target=\"_blank\">Certificado<\/a><\/h3><p class=\"elementor-image-box-description\">Confira o reconhecimento pela Coordena\u00e7\u00e3o Geral de Acredita\u00e7\u00e3o do INMETRO (CGCRE) de acordo com os crit\u00e9rios da norma ABNT NBR ISO\/IEC 17025:2017.<\/p><\/div><\/div>\t\t\t\t<\/div>\n\t\t\t\t<\/div>\n\t\t\t\t<div class=\"elementor-element elementor-element-b619827 elementor-widget elementor-widget-image\" data-id=\"b619827\" data-element_type=\"widget\" data-e-type=\"widget\" data-widget_type=\"image.default\">\n\t\t\t\t<div class=\"elementor-widget-container\">\n\t\t\t\t\t\t\t\t\t\t\t\t\t\t\t<img decoding=\"async\" width=\"828\" height=\"824\" src=\"https:\/\/sequenciaeng.versahost.com.br\/wp-content\/uploads\/2023\/04\/Site-Sequencia-Sismografia-Vibration-Meters-jpg.webp\" class=\"attachment-large size-large wp-image-731\" alt=\"sism\u00f3grafo\" srcset=\"https:\/\/sequenciaeng.versahost.com.br\/wp-content\/uploads\/2023\/04\/Site-Sequencia-Sismografia-Vibration-Meters-jpg.webp 828w, https:\/\/sequenciaeng.versahost.com.br\/wp-content\/uploads\/2023\/04\/Site-Sequencia-Sismografia-Vibration-Meters-300x300.webp 300w, https:\/\/sequenciaeng.versahost.com.br\/wp-content\/uploads\/2023\/04\/Site-Sequencia-Sismografia-Vibration-Meters-150x150.webp 150w, https:\/\/sequenciaeng.versahost.com.br\/wp-content\/uploads\/2023\/04\/Site-Sequencia-Sismografia-Vibration-Meters-768x764.webp 768w\" sizes=\"(max-width: 828px) 100vw, 828px\" \/>\t\t\t\t\t\t\t\t\t\t\t\t\t\t\t<\/div>\n\t\t\t\t<\/div>\n\t\t\t\t\t<\/div>\n\t\t<\/div>\n\t\t\t\t<div class=\"elementor-column elementor-col-50 elementor-inner-column elementor-element elementor-element-f162df2\" data-id=\"f162df2\" data-element_type=\"column\" data-e-type=\"column\">\n\t\t\t<div class=\"elementor-widget-wrap elementor-element-populated\">\n\t\t\t\t\t\t<div class=\"elementor-element elementor-element-d96c733 elementor-widget elementor-widget-image\" data-id=\"d96c733\" data-element_type=\"widget\" data-e-type=\"widget\" data-widget_type=\"image.default\">\n\t\t\t\t<div class=\"elementor-widget-container\">\n\t\t\t\t\t\t\t\t\t\t\t\t\t\t\t<img decoding=\"async\" width=\"776\" height=\"474\" src=\"https:\/\/sequenciaeng.versahost.com.br\/wp-content\/uploads\/2023\/04\/2VibrationMeters_en-02-1.png\" class=\"attachment-large size-large wp-image-571\" alt=\"\" srcset=\"https:\/\/sequenciaeng.versahost.com.br\/wp-content\/uploads\/2023\/04\/2VibrationMeters_en-02-1.png 776w, https:\/\/sequenciaeng.versahost.com.br\/wp-content\/uploads\/2023\/04\/2VibrationMeters_en-02-1-300x183.png 300w, https:\/\/sequenciaeng.versahost.com.br\/wp-content\/uploads\/2023\/04\/2VibrationMeters_en-02-1-768x469.png 768w\" sizes=\"(max-width: 776px) 100vw, 776px\" \/>\t\t\t\t\t\t\t\t\t\t\t\t\t\t\t<\/div>\n\t\t\t\t<\/div>\n\t\t\t\t<div class=\"elementor-element elementor-element-e274fff elementor-widget elementor-widget-image\" data-id=\"e274fff\" data-element_type=\"widget\" data-e-type=\"widget\" data-widget_type=\"image.default\">\n\t\t\t\t<div class=\"elementor-widget-container\">\n\t\t\t\t\t\t\t\t\t\t\t\t\t\t\t<img loading=\"lazy\" decoding=\"async\" width=\"688\" height=\"512\" src=\"https:\/\/sequenciaeng.versahost.com.br\/wp-content\/uploads\/2023\/04\/CURVA-DE-ATENUAO-jpg.webp\" class=\"attachment-full size-full wp-image-572\" alt=\"\" srcset=\"https:\/\/sequenciaeng.versahost.com.br\/wp-content\/uploads\/2023\/04\/CURVA-DE-ATENUAO-jpg.webp 688w, https:\/\/sequenciaeng.versahost.com.br\/wp-content\/uploads\/2023\/04\/CURVA-DE-ATENUAO-300x223.webp 300w\" sizes=\"(max-width: 688px) 100vw, 688px\" \/>\t\t\t\t\t\t\t\t\t\t\t\t\t\t\t<\/div>\n\t\t\t\t<\/div>\n\t\t\t\t\t<\/div>\n\t\t<\/div>\n\t\t\t\t\t<\/div>\n\t\t<\/section>\n\t\t\t\t\t<\/div>\n\t\t<\/div>\n\t\t\t\t\t<\/div>\n\t\t<\/section>\n\t\t\t\t<\/div>\n\t\t","protected":false},"excerpt":{"rendered":"<p>Monitoramento de Vibra\u00e7\u00f5es Realizamos trabalhos de sismografia em diversos empreendimentos mineiros, tanto de minera\u00e7\u00f5es a c\u00e9u aberto como subterr\u00e2neas, e em obras civis, como duplica\u00e7\u00e3o de rodovias, hidroel\u00e9tricas, travessia de trincheiras sob linhas de transmiss\u00e3o, entre outros. Aplica\u00e7\u00f5es Monitoramento de Vibra\u00e7\u00f5es Avalia\u00e7\u00e3o Sismogr\u00e1fica de Detona\u00e7\u00f5es Pr\u00f3ximas \u00e0s Cavidades Naturais Subterr\u00e2neas Avalia\u00e7\u00e3o Sismogr\u00e1fica em \u00c1reas Urbanas [&hellip;]<\/p>\n","protected":false},"author":1,"featured_media":0,"parent":21,"menu_order":1,"comment_status":"closed","ping_status":"closed","template":"","meta":{"site-sidebar-layout":"no-sidebar","site-content-layout":"page-builder","ast-site-content-layout":"default","site-content-style":"default","site-sidebar-style":"default","ast-global-header-display":"","ast-banner-title-visibility":"","ast-main-header-display":"","ast-hfb-above-header-display":"","ast-hfb-below-header-display":"","ast-hfb-mobile-header-display":"","site-post-title":"disabled","ast-breadcrumbs-content":"disabled","ast-featured-img":"disabled","footer-sml-layout":"disabled","ast-disable-related-posts":"","theme-transparent-header-meta":"enabled","adv-header-id-meta":"","stick-header-meta":"","header-above-stick-meta":"","header-main-stick-meta":"","header-below-stick-meta":"","astra-migrate-meta-layouts":"default","ast-page-background-enabled":"default","ast-page-background-meta":{"desktop":{"background-color":"","background-image":"","background-repeat":"repeat","background-position":"center center","background-size":"auto","background-attachment":"scroll","background-type":"","background-media":"","overlay-type":"","overlay-color":"","overlay-opacity":"","overlay-gradient":""},"tablet":{"background-color":"","background-image":"","background-repeat":"repeat","background-position":"center center","background-size":"auto","background-attachment":"scroll","background-type":"","background-media":"","overlay-type":"","overlay-color":"","overlay-opacity":"","overlay-gradient":""},"mobile":{"background-color":"","background-image":"","background-repeat":"repeat","background-position":"center center","background-size":"auto","background-attachment":"scroll","background-type":"","background-media":"","overlay-type":"","overlay-color":"","overlay-opacity":"","overlay-gradient":""}},"ast-content-background-meta":{"desktop":{"background-color":"var(--ast-global-color-5)","background-image":"","background-repeat":"repeat","background-position":"center center","background-size":"auto","background-attachment":"scroll","background-type":"","background-media":"","overlay-type":"","overlay-color":"","overlay-opacity":"","overlay-gradient":""},"tablet":{"background-color":"var(--ast-global-color-5)","background-image":"","background-repeat":"repeat","background-position":"center center","background-size":"auto","background-attachment":"scroll","background-type":"","background-media":"","overlay-type":"","overlay-color":"","overlay-opacity":"","overlay-gradient":""},"mobile":{"background-color":"var(--ast-global-color-5)","background-image":"","background-repeat":"repeat","background-position":"center center","background-size":"auto","background-attachment":"scroll","background-type":"","background-media":"","overlay-type":"","overlay-color":"","overlay-opacity":"","overlay-gradient":""}},"footnotes":""},"class_list":["post-565","page","type-page","status-publish","hentry"],"_links":{"self":[{"href":"https:\/\/sequenciaeng.versahost.com.br\/index.php\/wp-json\/wp\/v2\/pages\/565","targetHints":{"allow":["GET"]}}],"collection":[{"href":"https:\/\/sequenciaeng.versahost.com.br\/index.php\/wp-json\/wp\/v2\/pages"}],"about":[{"href":"https:\/\/sequenciaeng.versahost.com.br\/index.php\/wp-json\/wp\/v2\/types\/page"}],"author":[{"embeddable":true,"href":"https:\/\/sequenciaeng.versahost.com.br\/index.php\/wp-json\/wp\/v2\/users\/1"}],"replies":[{"embeddable":true,"href":"https:\/\/sequenciaeng.versahost.com.br\/index.php\/wp-json\/wp\/v2\/comments?post=565"}],"version-history":[{"count":130,"href":"https:\/\/sequenciaeng.versahost.com.br\/index.php\/wp-json\/wp\/v2\/pages\/565\/revisions"}],"predecessor-version":[{"id":1726,"href":"https:\/\/sequenciaeng.versahost.com.br\/index.php\/wp-json\/wp\/v2\/pages\/565\/revisions\/1726"}],"up":[{"embeddable":true,"href":"https:\/\/sequenciaeng.versahost.com.br\/index.php\/wp-json\/wp\/v2\/pages\/21"}],"wp:attachment":[{"href":"https:\/\/sequenciaeng.versahost.com.br\/index.php\/wp-json\/wp\/v2\/media?parent=565"}],"curies":[{"name":"wp","href":"https:\/\/api.w.org\/{rel}","templated":true}]}}