{"id":786,"date":"2023-04-21T15:16:23","date_gmt":"2023-04-21T18:16:23","guid":{"rendered":"https:\/\/sequenciaeng.versahost.com.br\/?page_id=786"},"modified":"2023-04-22T14:12:56","modified_gmt":"2023-04-22T17:12:56","slug":"avaliacao-sismografica-de-detonacoes-proximas-as-cavidades-naturais-subterraneas","status":"publish","type":"page","link":"https:\/\/sequenciaeng.versahost.com.br\/index.php\/servicos\/monitoramento-de-vibracoes\/avaliacao-sismografica-de-detonacoes-proximas-as-cavidades-naturais-subterraneas\/","title":{"rendered":"Avalia\u00e7\u00e3o Sismogr\u00e1fica de Detona\u00e7\u00f5es Pr\u00f3ximas \u00e0s Cavidades Naturais Subterr\u00e2neas"},"content":{"rendered":"\t\t<div data-elementor-type=\"wp-page\" data-elementor-id=\"786\" class=\"elementor elementor-786\" data-elementor-post-type=\"page\">\n\t\t\t\t\t\t<section class=\"elementor-section elementor-top-section elementor-element elementor-element-bc9762e elementor-section-height-min-height elementor-section-boxed elementor-section-height-default elementor-section-items-middle\" data-id=\"bc9762e\" data-element_type=\"section\" data-e-type=\"section\" data-settings=\"{&quot;background_background&quot;:&quot;classic&quot;}\">\n\t\t\t\t\t\t\t<div class=\"elementor-background-overlay\"><\/div>\n\t\t\t\t\t\t\t<div class=\"elementor-container elementor-column-gap-no\">\n\t\t\t\t\t<div class=\"elementor-column elementor-col-100 elementor-top-column elementor-element elementor-element-190cfe8\" data-id=\"190cfe8\" data-element_type=\"column\" data-e-type=\"column\">\n\t\t\t<div class=\"elementor-widget-wrap elementor-element-populated\">\n\t\t\t\t\t\t<div class=\"elementor-element elementor-element-3c43d33 elementor-widget elementor-widget-heading\" data-id=\"3c43d33\" data-element_type=\"widget\" data-e-type=\"widget\" data-widget_type=\"heading.default\">\n\t\t\t\t<div class=\"elementor-widget-container\">\n\t\t\t\t\t<h1 class=\"elementor-heading-title elementor-size-default\">Avalia\u00e7\u00e3o Sismogr\u00e1fica de Detona\u00e7\u00f5es Pr\u00f3ximas \u00e0s Cavidades Naturais Subterr\u00e2neas<\/h1>\t\t\t\t<\/div>\n\t\t\t\t<\/div>\n\t\t\t\t<div class=\"elementor-element elementor-element-d49cb75 elementor-widget elementor-widget-text-editor\" data-id=\"d49cb75\" data-element_type=\"widget\" data-e-type=\"widget\" data-widget_type=\"text-editor.default\">\n\t\t\t\t<div class=\"elementor-widget-container\">\n\t\t\t\t\t\t\t\t\t<p>Cada vez mais, as minera\u00e7\u00f5es situadas em regi\u00f5es de relevo c\u00e1rstico t\u00eam de se preocupar com a preserva\u00e7\u00e3o do patrim\u00f4nio espeleol\u00f3gico representado pelas grutas existentes no entorno da \u00e1rea das minas.<\/p>\t\t\t\t\t\t\t\t<\/div>\n\t\t\t\t<\/div>\n\t\t\t\t\t<\/div>\n\t\t<\/div>\n\t\t\t\t\t<\/div>\n\t\t<\/section>\n\t\t\t\t<section class=\"elementor-section elementor-top-section elementor-element elementor-element-t47g7d5 elementor-section-content-middle elementor-section-boxed elementor-section-height-default elementor-section-height-default\" data-id=\"t47g7d5\" data-element_type=\"section\" data-e-type=\"section\" data-settings=\"{&quot;background_background&quot;:&quot;classic&quot;}\">\n\t\t\t\t\t\t<div class=\"elementor-container elementor-column-gap-no\">\n\t\t\t\t\t<div class=\"elementor-column elementor-col-50 elementor-top-column elementor-element elementor-element-258231d\" data-id=\"258231d\" data-element_type=\"column\" data-e-type=\"column\">\n\t\t\t<div class=\"elementor-widget-wrap elementor-element-populated\">\n\t\t\t\t\t\t<div class=\"elementor-element elementor-element-ca32c47 elementor-position-inline-end elementor-view-default elementor-mobile-position-block-start elementor-widget elementor-widget-icon-box\" data-id=\"ca32c47\" data-element_type=\"widget\" data-e-type=\"widget\" data-settings=\"{&quot;sticky&quot;:&quot;top&quot;,&quot;sticky_offset&quot;:150,&quot;sticky_effects_offset&quot;:150,&quot;sticky_parent&quot;:&quot;yes&quot;,&quot;sticky_on&quot;:[&quot;desktop&quot;,&quot;tablet&quot;,&quot;mobile&quot;],&quot;sticky_anchor_link_offset&quot;:0}\" data-widget_type=\"icon-box.default\">\n\t\t\t\t<div class=\"elementor-widget-container\">\n\t\t\t\t\t\t\t<div class=\"elementor-icon-box-wrapper\">\n\n\t\t\t\t\t\t<div class=\"elementor-icon-box-icon\">\n\t\t\t\t<span  class=\"elementor-icon elementor-animation-wobble-vertical\">\n\t\t\t\t<i aria-hidden=\"true\" class=\"fas fa-chevron-down\"><\/i>\t\t\t\t<\/span>\n\t\t\t<\/div>\n\t\t\t\n\t\t\t\t\t\t<div class=\"elementor-icon-box-content\">\n\n\t\t\t\t\t\t\t\t\t<h4 class=\"elementor-icon-box-title\">\n\t\t\t\t\t\t<span  >\n\t\t\t\t\t\t\tAplica\u00e7\u00f5es\t\t\t\t\t\t<\/span>\n\t\t\t\t\t<\/h4>\n\t\t\t\t\n\t\t\t\t\n\t\t\t<\/div>\n\t\t\t\n\t\t<\/div>\n\t\t\t\t\t\t<\/div>\n\t\t\t\t<\/div>\n\t\t\t\t<div class=\"elementor-element elementor-element-6b898cb elementor-align-start elementor-icon-list--layout-traditional elementor-list-item-link-full_width elementor-widget elementor-widget-icon-list\" data-id=\"6b898cb\" data-element_type=\"widget\" data-e-type=\"widget\" data-settings=\"{&quot;sticky&quot;:&quot;top&quot;,&quot;sticky_offset&quot;:230,&quot;sticky_effects_offset&quot;:230,&quot;sticky_parent&quot;:&quot;yes&quot;,&quot;sticky_on&quot;:[&quot;desktop&quot;,&quot;tablet&quot;,&quot;mobile&quot;],&quot;sticky_anchor_link_offset&quot;:0}\" data-widget_type=\"icon-list.default\">\n\t\t\t\t<div class=\"elementor-widget-container\">\n\t\t\t\t\t\t\t<ul class=\"elementor-icon-list-items\">\n\t\t\t\t\t\t\t<li class=\"elementor-icon-list-item\">\n\t\t\t\t\t\t\t\t\t\t\t<a href=\"https:\/\/sequenciaeng.versahost.com.br\/index.php\/servicos\/monitoramento-de-vibracoes\/\">\n\n\t\t\t\t\t\t\t\t\t\t\t\t<span class=\"elementor-icon-list-icon\">\n\t\t\t\t\t\t\t<i aria-hidden=\"true\" class=\"fas fa-arrow-circle-right\"><\/i>\t\t\t\t\t\t<\/span>\n\t\t\t\t\t\t\t\t\t\t<span class=\"elementor-icon-list-text\">Monitoramento de Vibra\u00e7\u00f5es<\/span>\n\t\t\t\t\t\t\t\t\t\t\t<\/a>\n\t\t\t\t\t\t\t\t\t<\/li>\n\t\t\t\t\t\t\t\t<li class=\"elementor-icon-list-item\">\n\t\t\t\t\t\t\t\t\t\t\t<a href=\"https:\/\/sequenciaeng.versahost.com.br\/index.php\/servicos\/monitoramento-de-vibracoes\/avaliacao-sismografica-de-detonacoes-proximas-as-cavidades-naturais-subterraneas\/\">\n\n\t\t\t\t\t\t\t\t\t\t\t\t<span class=\"elementor-icon-list-icon\">\n\t\t\t\t\t\t\t<i aria-hidden=\"true\" class=\"fas fa-arrow-circle-right\"><\/i>\t\t\t\t\t\t<\/span>\n\t\t\t\t\t\t\t\t\t\t<span class=\"elementor-icon-list-text\">Avalia\u00e7\u00e3o Sismogr\u00e1fica de Detona\u00e7\u00f5es Pr\u00f3ximas \u00e0s Cavidades Naturais Subterr\u00e2neas<\/span>\n\t\t\t\t\t\t\t\t\t\t\t<\/a>\n\t\t\t\t\t\t\t\t\t<\/li>\n\t\t\t\t\t\t\t\t<li class=\"elementor-icon-list-item\">\n\t\t\t\t\t\t\t\t\t\t\t<a href=\"https:\/\/sequenciaeng.versahost.com.br\/index.php\/servicos\/monitoramento-de-vibracoes\/avaliacao-sismografica-em-areas-urbanas\/\">\n\n\t\t\t\t\t\t\t\t\t\t\t\t<span class=\"elementor-icon-list-icon\">\n\t\t\t\t\t\t\t<i aria-hidden=\"true\" class=\"fas fa-arrow-circle-right\"><\/i>\t\t\t\t\t\t<\/span>\n\t\t\t\t\t\t\t\t\t\t<span class=\"elementor-icon-list-text\">Avalia\u00e7\u00e3o Sismogr\u00e1fica em \u00c1reas Urbanas<\/span>\n\t\t\t\t\t\t\t\t\t\t\t<\/a>\n\t\t\t\t\t\t\t\t\t<\/li>\n\t\t\t\t\t\t\t\t<li class=\"elementor-icon-list-item\">\n\t\t\t\t\t\t\t\t\t\t\t<a href=\"https:\/\/sequenciaeng.versahost.com.br\/index.php\/servicos\/monitoramento-de-vibracoes\/avaliacao-sismografica-em-patrimonio-historico\/\">\n\n\t\t\t\t\t\t\t\t\t\t\t\t<span class=\"elementor-icon-list-icon\">\n\t\t\t\t\t\t\t<i aria-hidden=\"true\" class=\"fas fa-arrow-circle-right\"><\/i>\t\t\t\t\t\t<\/span>\n\t\t\t\t\t\t\t\t\t\t<span class=\"elementor-icon-list-text\">Avalia\u00e7\u00e3o Sismogr\u00e1fica em Patrim\u00f4nio Hist\u00f3rico<\/span>\n\t\t\t\t\t\t\t\t\t\t\t<\/a>\n\t\t\t\t\t\t\t\t\t<\/li>\n\t\t\t\t\t\t\t\t<li class=\"elementor-icon-list-item\">\n\t\t\t\t\t\t\t\t\t\t\t<a href=\"https:\/\/sequenciaeng.versahost.com.br\/index.php\/servicos\/monitoramento-de-vibracoes\/controle-de-vibracao-em-taludes-e-obras-civis\/\">\n\n\t\t\t\t\t\t\t\t\t\t\t\t<span class=\"elementor-icon-list-icon\">\n\t\t\t\t\t\t\t<i aria-hidden=\"true\" class=\"fas fa-arrow-circle-right\"><\/i>\t\t\t\t\t\t<\/span>\n\t\t\t\t\t\t\t\t\t\t<span class=\"elementor-icon-list-text\">Controle de Vibra\u00e7\u00e3o em Taludes e Obras Civis<\/span>\n\t\t\t\t\t\t\t\t\t\t\t<\/a>\n\t\t\t\t\t\t\t\t\t<\/li>\n\t\t\t\t\t\t\t\t<li class=\"elementor-icon-list-item\">\n\t\t\t\t\t\t\t\t\t\t\t<a href=\"https:\/\/sequenciaeng.versahost.com.br\/index.php\/servicos\/monitoramento-de-vibracoes\/determinacao-de-zonas-de-dano-em-galerias-subterraneas\/\">\n\n\t\t\t\t\t\t\t\t\t\t\t\t<span class=\"elementor-icon-list-icon\">\n\t\t\t\t\t\t\t<i aria-hidden=\"true\" class=\"fas fa-arrow-circle-right\"><\/i>\t\t\t\t\t\t<\/span>\n\t\t\t\t\t\t\t\t\t\t<span class=\"elementor-icon-list-text\">Determina\u00e7\u00e3o de Zonas de Dano em Galerias Subterr\u00e2neas<\/span>\n\t\t\t\t\t\t\t\t\t\t\t<\/a>\n\t\t\t\t\t\t\t\t\t<\/li>\n\t\t\t\t\t\t\t\t<li class=\"elementor-icon-list-item\">\n\t\t\t\t\t\t\t\t\t\t\t<a href=\"https:\/\/sequenciaeng.versahost.com.br\/index.php\/servicos\/monitoramento-de-vibracoes\/monitoramento-sismografico-remoto\/\">\n\n\t\t\t\t\t\t\t\t\t\t\t\t<span class=\"elementor-icon-list-icon\">\n\t\t\t\t\t\t\t<i aria-hidden=\"true\" class=\"fas fa-arrow-circle-right\"><\/i>\t\t\t\t\t\t<\/span>\n\t\t\t\t\t\t\t\t\t\t<span class=\"elementor-icon-list-text\">Monitoramento Sismogr\u00e1fico Remoto<\/span>\n\t\t\t\t\t\t\t\t\t\t\t<\/a>\n\t\t\t\t\t\t\t\t\t<\/li>\n\t\t\t\t\t\t<\/ul>\n\t\t\t\t\t\t<\/div>\n\t\t\t\t<\/div>\n\t\t\t\t\t<\/div>\n\t\t<\/div>\n\t\t\t\t<div class=\"elementor-column elementor-col-50 elementor-top-column elementor-element elementor-element-eda9887\" data-id=\"eda9887\" data-element_type=\"column\" data-e-type=\"column\">\n\t\t\t<div class=\"elementor-widget-wrap elementor-element-populated\">\n\t\t\t\t\t\t<div class=\"elementor-element elementor-element-a202eaa elementor-view-stacked elementor-shape-circle elementor-widget elementor-widget-icon\" data-id=\"a202eaa\" data-element_type=\"widget\" data-e-type=\"widget\" data-widget_type=\"icon.default\">\n\t\t\t\t<div class=\"elementor-widget-container\">\n\t\t\t\t\t\t\t<div class=\"elementor-icon-wrapper\">\n\t\t\t<div class=\"elementor-icon\">\n\t\t\t<svg xmlns=\"http:\/\/www.w3.org\/2000\/svg\" xmlns:xlink=\"http:\/\/www.w3.org\/1999\/xlink\" width=\"512\" viewBox=\"0 0 384 383.999986\" height=\"512\" preserveAspectRatio=\"xMidYMid meet\"><defs><clipPath id=\"b7ff9da2f0\"><path d=\"M 0.410156 297 L 383.632812 297 L 383.632812 305.726562 L 0.410156 305.726562 Z M 0.410156 297 \" clip-rule=\"nonzero\"><\/path><\/clipPath><clipPath id=\"009fefa412\"><path d=\"M 28.476562 78.480469 L 211 78.480469 L 211 305.726562 L 28.476562 305.726562 Z M 28.476562 78.480469 \" clip-rule=\"nonzero\"><\/path><\/clipPath><clipPath id=\"c125eb40a5\"><path d=\"M 161 116 L 346.582031 116 L 346.582031 305.726562 L 161 305.726562 Z M 161 116 \" clip-rule=\"nonzero\"><\/path><\/clipPath><clipPath id=\"457a941aed\"><path d=\"M 72.140625 208 L 169.859375 208 L 169.859375 305.726562 L 72.140625 305.726562 Z M 72.140625 208 \" clip-rule=\"nonzero\"><\/path><\/clipPath><clipPath id=\"8de5b11dc0\"><path d=\"M 171 214 L 247.824219 214 L 247.824219 305.726562 L 171 305.726562 Z M 171 214 \" clip-rule=\"nonzero\"><\/path><\/clipPath><\/defs><g clip-path=\"url(#b7ff9da2f0)\"><path fill=\"#000000\" d=\"M 379.640625 305.726562 L 4.402344 305.726562 C 2.203125 305.726562 0.410156 303.933594 0.410156 301.734375 C 0.410156 299.539062 2.203125 297.738281 4.402344 297.738281 L 379.640625 297.738281 C 381.832031 297.738281 383.632812 299.539062 383.632812 301.734375 C 383.632812 303.933594 381.832031 305.726562 379.640625 305.726562 \" fill-opacity=\"1\" fill-rule=\"evenodd\"><\/path><\/g><g clip-path=\"url(#009fefa412)\"><path fill=\"#000000\" d=\"M 32.84375 305.726562 C 32.199219 305.726562 31.546875 305.582031 30.945312 305.257812 C 29 304.207031 28.277344 301.785156 29.328125 299.835938 L 113.65625 143.007812 C 114.601562 141.261719 116.699219 140.460938 118.546875 141.164062 L 148.835938 152.398438 L 183.4375 80.726562 C 184.085938 79.355469 185.457031 78.480469 186.980469 78.480469 C 188.503906 78.457031 189.878906 79.304688 190.574219 80.65625 L 210.28125 118.859375 C 211.304688 120.832031 210.535156 123.230469 208.5625 124.253906 C 206.589844 125.277344 204.195312 124.507812 203.171875 122.53125 L 187.132812 91.417969 L 154.445312 159.140625 C 153.550781 160.988281 151.402344 161.863281 149.460938 161.140625 L 119.046875 149.851562 L 36.363281 303.605469 C 35.636719 304.980469 34.269531 305.726562 32.84375 305.726562 \" fill-opacity=\"1\" fill-rule=\"evenodd\"><\/path><\/g><g clip-path=\"url(#c125eb40a5)\"><path fill=\"#000000\" d=\"M 342.464844 305.726562 C 341.09375 305.726562 339.742188 305.003906 338.996094 303.734375 L 252.695312 153.046875 L 208.511719 126.425781 L 168.691406 214.007812 C 167.769531 216.003906 165.421875 216.902344 163.40625 215.980469 C 161.40625 215.054688 160.507812 212.707031 161.429688 210.6875 L 203.097656 119.035156 C 203.574219 117.988281 204.472656 117.214844 205.542969 116.867188 C 206.640625 116.515625 207.8125 116.664062 208.789062 117.265625 L 257.6875 146.730469 C 258.261719 147.082031 258.761719 147.582031 259.085938 148.15625 L 345.90625 299.738281 C 347.003906 301.660156 346.332031 304.082031 344.4375 305.179688 C 343.8125 305.554688 343.136719 305.726562 342.464844 305.726562 \" fill-opacity=\"1\" fill-rule=\"evenodd\"><\/path><\/g><g clip-path=\"url(#457a941aed)\"><path fill=\"#000000\" d=\"M 76.503906 305.726562 C 75.933594 305.726562 75.359375 305.605469 74.835938 305.355469 C 72.835938 304.433594 71.964844 302.058594 72.886719 300.039062 L 109.8125 220.625 C 110.363281 219.449219 111.410156 218.625 112.683594 218.378906 L 164.328125 208.386719 C 166.5 207.964844 168.59375 209.386719 168.992188 211.558594 C 169.417969 213.730469 167.996094 215.828125 165.824219 216.226562 L 116.175781 225.84375 L 80.097656 303.40625 C 79.449219 304.882812 78.003906 305.726562 76.503906 305.726562 \" fill-opacity=\"1\" fill-rule=\"evenodd\"><\/path><\/g><path fill=\"#000000\" d=\"M 117.171875 284.503906 C 116.648438 284.503906 116.101562 284.402344 115.601562 284.179688 C 113.578125 283.304688 112.632812 280.960938 113.507812 278.933594 L 125.980469 249.96875 C 126.855469 247.941406 129.195312 246.996094 131.21875 247.871094 C 133.242188 248.742188 134.1875 251.089844 133.316406 253.113281 L 120.839844 282.082031 C 120.191406 283.605469 118.71875 284.503906 117.171875 284.503906 \" fill-opacity=\"1\" fill-rule=\"evenodd\"><\/path><path fill=\"#000000\" d=\"M 291.320312 261.03125 C 289.898438 261.03125 288.523438 260.277344 287.796875 258.933594 L 249.878906 189.011719 C 248.832031 187.058594 249.554688 184.636719 251.476562 183.589844 C 253.417969 182.539062 255.84375 183.265625 256.886719 185.191406 L 294.8125 255.113281 C 295.859375 257.058594 295.136719 259.480469 293.214844 260.53125 C 292.617188 260.878906 291.96875 261.03125 291.320312 261.03125 \" fill-opacity=\"1\" fill-rule=\"evenodd\"><\/path><path fill=\"#000000\" d=\"M 107.691406 194.351562 C 107.015625 194.351562 106.371094 194.175781 105.746094 193.851562 C 103.824219 192.777344 103.152344 190.332031 104.222656 188.410156 L 117.945312 163.9375 C 119.019531 162.015625 121.464844 161.339844 123.386719 162.414062 C 125.308594 163.484375 125.980469 165.9375 124.910156 167.859375 L 111.183594 192.328125 C 110.4375 193.628906 109.089844 194.351562 107.691406 194.351562 \" fill-opacity=\"1\" fill-rule=\"evenodd\"><\/path><g clip-path=\"url(#8de5b11dc0)\"><path fill=\"#000000\" d=\"M 243.167969 305.726562 L 175.800781 305.726562 C 173.609375 305.726562 171.8125 303.933594 171.8125 301.734375 L 171.8125 246.042969 C 171.8125 244.875 172.308594 243.773438 173.207031 243.023438 L 205.394531 215.304688 C 206.914062 213.980469 209.210938 214.03125 210.683594 215.378906 L 245.863281 247.59375 C 246.683594 248.339844 247.15625 249.417969 247.15625 250.539062 L 247.15625 301.734375 C 247.15625 303.933594 245.363281 305.726562 243.167969 305.726562 Z M 179.792969 297.738281 L 239.175781 297.738281 L 239.175781 252.289062 L 207.914062 223.644531 L 179.796875 247.871094 L 179.792969 297.738281 \" fill-opacity=\"1\" fill-rule=\"evenodd\"><\/path><\/g><\/svg>\t\t\t<\/div>\n\t\t<\/div>\n\t\t\t\t\t\t<\/div>\n\t\t\t\t<\/div>\n\t\t\t\t<div class=\"elementor-element elementor-element-2aa2bac elementor-widget elementor-widget-text-editor\" data-id=\"2aa2bac\" data-element_type=\"widget\" data-e-type=\"widget\" data-widget_type=\"text-editor.default\">\n\t\t\t\t<div class=\"elementor-widget-container\">\n\t\t\t\t\t\t\t\t\t<p>Nestes casos, a Sequ\u00eancia Engenharia realiza monitoramentos para a constru\u00e7\u00e3o das curvas de atenua\u00e7\u00e3o das vibra\u00e7\u00f5es, permitindo que se projete as atividades de lavra sem que os espeleotemas e a estrutura das cavidades sejam afetados. Muitas vezes s\u00e3o feitas medi\u00e7\u00f5es diretamente nos locais internos da gruta onde ocorrem os principais espeleotemas ou em \u00e1reas de maior fragilidade.<\/p><p>\u00a0<\/p><p>Nossa experi\u00eancia inclui medi\u00e7\u00f5es em cavidades naturais subterr\u00e2neas nos mais variados tipos litol\u00f3gicos: calc\u00e1rios, m\u00e1rmores, quartzito, min\u00e9rio de ferro, etc.<\/p>\t\t\t\t\t\t\t\t<\/div>\n\t\t\t\t<\/div>\n\t\t\t\t<section class=\"elementor-section elementor-inner-section elementor-element elementor-element-a195b59 elementor-section-boxed elementor-section-height-default elementor-section-height-default\" data-id=\"a195b59\" data-element_type=\"section\" data-e-type=\"section\">\n\t\t\t\t\t\t<div class=\"elementor-container elementor-column-gap-default\">\n\t\t\t\t\t<div class=\"elementor-column elementor-col-100 elementor-inner-column elementor-element elementor-element-5e1e199\" data-id=\"5e1e199\" data-element_type=\"column\" data-e-type=\"column\">\n\t\t\t<div class=\"elementor-widget-wrap elementor-element-populated\">\n\t\t\t\t\t\t<div class=\"elementor-element elementor-element-5dda813 elementor-arrows-position-inside elementor-pagination-position-outside elementor-widget elementor-widget-image-carousel\" data-id=\"5dda813\" data-element_type=\"widget\" data-e-type=\"widget\" data-settings=\"{&quot;slides_to_show&quot;:&quot;2&quot;,&quot;slides_to_scroll&quot;:&quot;1&quot;,&quot;autoplay_speed&quot;:2000,&quot;navigation&quot;:&quot;both&quot;,&quot;autoplay&quot;:&quot;yes&quot;,&quot;pause_on_hover&quot;:&quot;yes&quot;,&quot;pause_on_interaction&quot;:&quot;yes&quot;,&quot;infinite&quot;:&quot;yes&quot;,&quot;speed&quot;:500,&quot;image_spacing_custom&quot;:{&quot;unit&quot;:&quot;px&quot;,&quot;size&quot;:20,&quot;sizes&quot;:[]},&quot;image_spacing_custom_tablet&quot;:{&quot;unit&quot;:&quot;px&quot;,&quot;size&quot;:&quot;&quot;,&quot;sizes&quot;:[]},&quot;image_spacing_custom_mobile&quot;:{&quot;unit&quot;:&quot;px&quot;,&quot;size&quot;:&quot;&quot;,&quot;sizes&quot;:[]}}\" data-widget_type=\"image-carousel.default\">\n\t\t\t\t<div class=\"elementor-widget-container\">\n\t\t\t\t\t\t\t<div class=\"elementor-image-carousel-wrapper swiper\" role=\"region\" aria-roledescription=\"carousel\" aria-label=\"Carrossel de imagens\" dir=\"ltr\">\n\t\t\t<div class=\"elementor-image-carousel swiper-wrapper\" aria-live=\"off\">\n\t\t\t\t\t\t\t\t<div class=\"swiper-slide\" role=\"group\" aria-roledescription=\"slide\" aria-label=\"1 de 4\"><figure class=\"swiper-slide-inner\"><img decoding=\"async\" class=\"swiper-slide-image\" src=\"https:\/\/sequenciaeng.versahost.com.br\/wp-content\/uploads\/2023\/04\/Site-Sequencia-Servicos-Cavidades-Naturais-Subterraneas-01-jpg.webp\" alt=\"Detona\u00e7\u00f5es Pr\u00f3ximas \u00e0 Cavidades Naturais Subterr\u00e2neas\" \/><\/figure><\/div><div class=\"swiper-slide\" role=\"group\" aria-roledescription=\"slide\" aria-label=\"2 de 4\"><figure class=\"swiper-slide-inner\"><img decoding=\"async\" class=\"swiper-slide-image\" src=\"https:\/\/sequenciaeng.versahost.com.br\/wp-content\/uploads\/2023\/04\/Site-Sequencia-Servicos-Cavidades-Naturais-Subterraneas-02-jpg.webp\" alt=\"Detona\u00e7\u00f5es Pr\u00f3ximas \u00e0 Cavidades Naturais Subterr\u00e2neas\" \/><\/figure><\/div><div class=\"swiper-slide\" role=\"group\" aria-roledescription=\"slide\" aria-label=\"3 de 4\"><figure class=\"swiper-slide-inner\"><img decoding=\"async\" class=\"swiper-slide-image\" src=\"https:\/\/sequenciaeng.versahost.com.br\/wp-content\/uploads\/2023\/04\/Site-Sequencia-Servicos-Cavidades-Naturais-Subterraneas-03-jpg.webp\" alt=\"Detona\u00e7\u00f5es Pr\u00f3ximas \u00e0 Cavidades Naturais Subterr\u00e2neas\" \/><\/figure><\/div><div class=\"swiper-slide\" role=\"group\" aria-roledescription=\"slide\" aria-label=\"4 de 4\"><figure class=\"swiper-slide-inner\"><img decoding=\"async\" class=\"swiper-slide-image\" src=\"https:\/\/sequenciaeng.versahost.com.br\/wp-content\/uploads\/2023\/04\/Site-Sequencia-Servicos-Cavidades-Naturais-Subterraneas-04-jpg.webp\" alt=\"Detona\u00e7\u00f5es Pr\u00f3ximas \u00e0 Cavidades Naturais Subterr\u00e2neas\" \/><\/figure><\/div>\t\t\t<\/div>\n\t\t\t\t\t\t\t\t\t\t\t\t<div class=\"elementor-swiper-button elementor-swiper-button-prev\" role=\"button\" tabindex=\"0\">\n\t\t\t\t\t\t<i aria-hidden=\"true\" class=\"eicon-chevron-left\"><\/i>\t\t\t\t\t<\/div>\n\t\t\t\t\t<div class=\"elementor-swiper-button elementor-swiper-button-next\" role=\"button\" tabindex=\"0\">\n\t\t\t\t\t\t<i aria-hidden=\"true\" class=\"eicon-chevron-right\"><\/i>\t\t\t\t\t<\/div>\n\t\t\t\t\n\t\t\t\t\t\t\t\t\t<div class=\"swiper-pagination\"><\/div>\n\t\t\t\t\t\t\t\t\t<\/div>\n\t\t\t\t\t\t<\/div>\n\t\t\t\t<\/div>\n\t\t\t\t\t<\/div>\n\t\t<\/div>\n\t\t\t\t\t<\/div>\n\t\t<\/section>\n\t\t\t\t\t<\/div>\n\t\t<\/div>\n\t\t\t\t\t<\/div>\n\t\t<\/section>\n\t\t\t\t<\/div>\n\t\t","protected":false},"excerpt":{"rendered":"<p>Avalia\u00e7\u00e3o Sismogr\u00e1fica de Detona\u00e7\u00f5es Pr\u00f3ximas \u00e0s Cavidades Naturais Subterr\u00e2neas Cada vez mais, as minera\u00e7\u00f5es situadas em regi\u00f5es de relevo c\u00e1rstico t\u00eam de se preocupar com a preserva\u00e7\u00e3o do patrim\u00f4nio espeleol\u00f3gico representado pelas grutas existentes no entorno da \u00e1rea das minas. Aplica\u00e7\u00f5es Monitoramento de Vibra\u00e7\u00f5es Avalia\u00e7\u00e3o Sismogr\u00e1fica de Detona\u00e7\u00f5es Pr\u00f3ximas \u00e0s Cavidades Naturais Subterr\u00e2neas Avalia\u00e7\u00e3o Sismogr\u00e1fica [&hellip;]<\/p>\n","protected":false},"author":1,"featured_media":0,"parent":565,"menu_order":1,"comment_status":"closed","ping_status":"closed","template":"","meta":{"site-sidebar-layout":"no-sidebar","site-content-layout":"page-builder","ast-site-content-layout":"default","site-content-style":"default","site-sidebar-style":"default","ast-global-header-display":"","ast-banner-title-visibility":"","ast-main-header-display":"","ast-hfb-above-header-display":"","ast-hfb-below-header-display":"","ast-hfb-mobile-header-display":"","site-post-title":"disabled","ast-breadcrumbs-content":"disabled","ast-featured-img":"disabled","footer-sml-layout":"disabled","ast-disable-related-posts":"","theme-transparent-header-meta":"enabled","adv-header-id-meta":"","stick-header-meta":"","header-above-stick-meta":"","header-main-stick-meta":"","header-below-stick-meta":"","astra-migrate-meta-layouts":"default","ast-page-background-enabled":"default","ast-page-background-meta":{"desktop":{"background-color":"","background-image":"","background-repeat":"repeat","background-position":"center center","background-size":"auto","background-attachment":"scroll","background-type":"","background-media":"","overlay-type":"","overlay-color":"","overlay-opacity":"","overlay-gradient":""},"tablet":{"background-color":"","background-image":"","background-repeat":"repeat","background-position":"center center","background-size":"auto","background-attachment":"scroll","background-type":"","background-media":"","overlay-type":"","overlay-color":"","overlay-opacity":"","overlay-gradient":""},"mobile":{"background-color":"","background-image":"","background-repeat":"repeat","background-position":"center center","background-size":"auto","background-attachment":"scroll","background-type":"","background-media":"","overlay-type":"","overlay-color":"","overlay-opacity":"","overlay-gradient":""}},"ast-content-background-meta":{"desktop":{"background-color":"var(--ast-global-color-5)","background-image":"","background-repeat":"repeat","background-position":"center center","background-size":"auto","background-attachment":"scroll","background-type":"","background-media":"","overlay-type":"","overlay-color":"","overlay-opacity":"","overlay-gradient":""},"tablet":{"background-color":"var(--ast-global-color-5)","background-image":"","background-repeat":"repeat","background-position":"center center","background-size":"auto","background-attachment":"scroll","background-type":"","background-media":"","overlay-type":"","overlay-color":"","overlay-opacity":"","overlay-gradient":""},"mobile":{"background-color":"var(--ast-global-color-5)","background-image":"","background-repeat":"repeat","background-position":"center center","background-size":"auto","background-attachment":"scroll","background-type":"","background-media":"","overlay-type":"","overlay-color":"","overlay-opacity":"","overlay-gradient":""}},"footnotes":""},"class_list":["post-786","page","type-page","status-publish","hentry"],"_links":{"self":[{"href":"https:\/\/sequenciaeng.versahost.com.br\/index.php\/wp-json\/wp\/v2\/pages\/786","targetHints":{"allow":["GET"]}}],"collection":[{"href":"https:\/\/sequenciaeng.versahost.com.br\/index.php\/wp-json\/wp\/v2\/pages"}],"about":[{"href":"https:\/\/sequenciaeng.versahost.com.br\/index.php\/wp-json\/wp\/v2\/types\/page"}],"author":[{"embeddable":true,"href":"https:\/\/sequenciaeng.versahost.com.br\/index.php\/wp-json\/wp\/v2\/users\/1"}],"replies":[{"embeddable":true,"href":"https:\/\/sequenciaeng.versahost.com.br\/index.php\/wp-json\/wp\/v2\/comments?post=786"}],"version-history":[{"count":46,"href":"https:\/\/sequenciaeng.versahost.com.br\/index.php\/wp-json\/wp\/v2\/pages\/786\/revisions"}],"predecessor-version":[{"id":1044,"href":"https:\/\/sequenciaeng.versahost.com.br\/index.php\/wp-json\/wp\/v2\/pages\/786\/revisions\/1044"}],"up":[{"embeddable":true,"href":"https:\/\/sequenciaeng.versahost.com.br\/index.php\/wp-json\/wp\/v2\/pages\/565"}],"wp:attachment":[{"href":"https:\/\/sequenciaeng.versahost.com.br\/index.php\/wp-json\/wp\/v2\/media?parent=786"}],"curies":[{"name":"wp","href":"https:\/\/api.w.org\/{rel}","templated":true}]}}