{"id":930,"date":"2023-04-22T11:58:04","date_gmt":"2023-04-22T14:58:04","guid":{"rendered":"https:\/\/sequenciaeng.versahost.com.br\/?page_id=930"},"modified":"2023-04-22T14:14:00","modified_gmt":"2023-04-22T17:14:00","slug":"avaliacao-sismografica-em-patrimonio-historico","status":"publish","type":"page","link":"https:\/\/sequenciaeng.versahost.com.br\/index.php\/servicos\/monitoramento-de-vibracoes\/avaliacao-sismografica-em-patrimonio-historico\/","title":{"rendered":"Avalia\u00e7\u00e3o Sismogr\u00e1fica em Patrim\u00f4nio Hist\u00f3rico"},"content":{"rendered":"\t\t<div data-elementor-type=\"wp-page\" data-elementor-id=\"930\" class=\"elementor elementor-930\" data-elementor-post-type=\"page\">\n\t\t\t\t\t\t<section class=\"elementor-section elementor-top-section elementor-element elementor-element-bc9762e elementor-section-height-min-height elementor-section-boxed elementor-section-height-default elementor-section-items-middle\" data-id=\"bc9762e\" data-element_type=\"section\" data-e-type=\"section\" data-settings=\"{&quot;background_background&quot;:&quot;classic&quot;}\">\n\t\t\t\t\t\t\t<div class=\"elementor-background-overlay\"><\/div>\n\t\t\t\t\t\t\t<div class=\"elementor-container elementor-column-gap-no\">\n\t\t\t\t\t<div class=\"elementor-column elementor-col-100 elementor-top-column elementor-element elementor-element-190cfe8\" data-id=\"190cfe8\" data-element_type=\"column\" data-e-type=\"column\">\n\t\t\t<div class=\"elementor-widget-wrap elementor-element-populated\">\n\t\t\t\t\t\t<div class=\"elementor-element elementor-element-3c43d33 elementor-widget elementor-widget-heading\" data-id=\"3c43d33\" data-element_type=\"widget\" data-e-type=\"widget\" data-widget_type=\"heading.default\">\n\t\t\t\t<div class=\"elementor-widget-container\">\n\t\t\t\t\t<h1 class=\"elementor-heading-title elementor-size-default\">Avalia\u00e7\u00e3o Sismogr\u00e1fica em Patrim\u00f4nio Hist\u00f3rico<\/h1>\t\t\t\t<\/div>\n\t\t\t\t<\/div>\n\t\t\t\t<div class=\"elementor-element elementor-element-d49cb75 elementor-widget elementor-widget-text-editor\" data-id=\"d49cb75\" data-element_type=\"widget\" data-e-type=\"widget\" data-widget_type=\"text-editor.default\">\n\t\t\t\t<div class=\"elementor-widget-container\">\n\t\t\t\t\t\t\t\t\t<p>Outra demanda muito comum e com a qual a equipe da Sequ\u00eancia Engenharia possui grande experi\u00eancia \u00e9 com as medi\u00e7\u00f5es sismogr\u00e1ficas objetivando a preserva\u00e7\u00e3o de monumentos e pr\u00e9dios de interesse hist\u00f3rico.<\/p>\t\t\t\t\t\t\t\t<\/div>\n\t\t\t\t<\/div>\n\t\t\t\t\t<\/div>\n\t\t<\/div>\n\t\t\t\t\t<\/div>\n\t\t<\/section>\n\t\t\t\t<section class=\"elementor-section elementor-top-section elementor-element elementor-element-t47g7d5 elementor-section-content-middle elementor-section-boxed elementor-section-height-default elementor-section-height-default\" data-id=\"t47g7d5\" data-element_type=\"section\" data-e-type=\"section\" data-settings=\"{&quot;background_background&quot;:&quot;classic&quot;}\">\n\t\t\t\t\t\t<div class=\"elementor-container elementor-column-gap-no\">\n\t\t\t\t\t<div class=\"elementor-column elementor-col-50 elementor-top-column elementor-element elementor-element-258231d\" data-id=\"258231d\" data-element_type=\"column\" data-e-type=\"column\">\n\t\t\t<div class=\"elementor-widget-wrap elementor-element-populated\">\n\t\t\t\t\t\t<div class=\"elementor-element elementor-element-459bdbc elementor-position-inline-end elementor-view-default elementor-mobile-position-block-start elementor-widget elementor-widget-icon-box\" data-id=\"459bdbc\" data-element_type=\"widget\" data-e-type=\"widget\" data-settings=\"{&quot;sticky&quot;:&quot;top&quot;,&quot;sticky_offset&quot;:150,&quot;sticky_effects_offset&quot;:150,&quot;sticky_parent&quot;:&quot;yes&quot;,&quot;sticky_on&quot;:[&quot;desktop&quot;,&quot;tablet&quot;,&quot;mobile&quot;],&quot;sticky_anchor_link_offset&quot;:0}\" data-widget_type=\"icon-box.default\">\n\t\t\t\t<div class=\"elementor-widget-container\">\n\t\t\t\t\t\t\t<div class=\"elementor-icon-box-wrapper\">\n\n\t\t\t\t\t\t<div class=\"elementor-icon-box-icon\">\n\t\t\t\t<span  class=\"elementor-icon elementor-animation-wobble-vertical\">\n\t\t\t\t<i aria-hidden=\"true\" class=\"fas fa-chevron-down\"><\/i>\t\t\t\t<\/span>\n\t\t\t<\/div>\n\t\t\t\n\t\t\t\t\t\t<div class=\"elementor-icon-box-content\">\n\n\t\t\t\t\t\t\t\t\t<h4 class=\"elementor-icon-box-title\">\n\t\t\t\t\t\t<span  >\n\t\t\t\t\t\t\tAplica\u00e7\u00f5es\t\t\t\t\t\t<\/span>\n\t\t\t\t\t<\/h4>\n\t\t\t\t\n\t\t\t\t\n\t\t\t<\/div>\n\t\t\t\n\t\t<\/div>\n\t\t\t\t\t\t<\/div>\n\t\t\t\t<\/div>\n\t\t\t\t<div class=\"elementor-element elementor-element-d3a1da4 elementor-align-start elementor-icon-list--layout-traditional elementor-list-item-link-full_width elementor-widget elementor-widget-icon-list\" data-id=\"d3a1da4\" data-element_type=\"widget\" data-e-type=\"widget\" data-settings=\"{&quot;sticky&quot;:&quot;top&quot;,&quot;sticky_offset&quot;:230,&quot;sticky_effects_offset&quot;:230,&quot;sticky_parent&quot;:&quot;yes&quot;,&quot;sticky_on&quot;:[&quot;desktop&quot;,&quot;tablet&quot;,&quot;mobile&quot;],&quot;sticky_anchor_link_offset&quot;:0}\" data-widget_type=\"icon-list.default\">\n\t\t\t\t<div class=\"elementor-widget-container\">\n\t\t\t\t\t\t\t<ul class=\"elementor-icon-list-items\">\n\t\t\t\t\t\t\t<li class=\"elementor-icon-list-item\">\n\t\t\t\t\t\t\t\t\t\t\t<a href=\"https:\/\/sequenciaeng.versahost.com.br\/index.php\/servicos\/monitoramento-de-vibracoes\/\">\n\n\t\t\t\t\t\t\t\t\t\t\t\t<span class=\"elementor-icon-list-icon\">\n\t\t\t\t\t\t\t<i aria-hidden=\"true\" class=\"fas fa-arrow-circle-right\"><\/i>\t\t\t\t\t\t<\/span>\n\t\t\t\t\t\t\t\t\t\t<span class=\"elementor-icon-list-text\">Monitoramento de Vibra\u00e7\u00f5es<\/span>\n\t\t\t\t\t\t\t\t\t\t\t<\/a>\n\t\t\t\t\t\t\t\t\t<\/li>\n\t\t\t\t\t\t\t\t<li class=\"elementor-icon-list-item\">\n\t\t\t\t\t\t\t\t\t\t\t<a href=\"https:\/\/sequenciaeng.versahost.com.br\/index.php\/servicos\/monitoramento-de-vibracoes\/\">\n\n\t\t\t\t\t\t\t\t\t\t\t\t<span class=\"elementor-icon-list-icon\">\n\t\t\t\t\t\t\t<i aria-hidden=\"true\" class=\"fas fa-arrow-circle-right\"><\/i>\t\t\t\t\t\t<\/span>\n\t\t\t\t\t\t\t\t\t\t<span class=\"elementor-icon-list-text\">Avalia\u00e7\u00e3o Sismogr\u00e1fica de Detona\u00e7\u00f5es Pr\u00f3ximas \u00e0s Cavidades Naturais Subterr\u00e2neas<\/span>\n\t\t\t\t\t\t\t\t\t\t\t<\/a>\n\t\t\t\t\t\t\t\t\t<\/li>\n\t\t\t\t\t\t\t\t<li class=\"elementor-icon-list-item\">\n\t\t\t\t\t\t\t\t\t\t\t<a href=\"https:\/\/sequenciaeng.versahost.com.br\/index.php\/servicos\/monitoramento-de-vibracoes\/avaliacao-sismografica-em-areas-urbanas\/\">\n\n\t\t\t\t\t\t\t\t\t\t\t\t<span class=\"elementor-icon-list-icon\">\n\t\t\t\t\t\t\t<i aria-hidden=\"true\" class=\"fas fa-arrow-circle-right\"><\/i>\t\t\t\t\t\t<\/span>\n\t\t\t\t\t\t\t\t\t\t<span class=\"elementor-icon-list-text\">Avalia\u00e7\u00e3o Sismogr\u00e1fica em \u00c1reas Urbanas<\/span>\n\t\t\t\t\t\t\t\t\t\t\t<\/a>\n\t\t\t\t\t\t\t\t\t<\/li>\n\t\t\t\t\t\t\t\t<li class=\"elementor-icon-list-item\">\n\t\t\t\t\t\t\t\t\t\t\t<a href=\"https:\/\/sequenciaeng.versahost.com.br\/index.php\/servicos\/monitoramento-de-vibracoes\/avaliacao-sismografica-em-patrimonio-historico\/\">\n\n\t\t\t\t\t\t\t\t\t\t\t\t<span class=\"elementor-icon-list-icon\">\n\t\t\t\t\t\t\t<i aria-hidden=\"true\" class=\"fas fa-arrow-circle-right\"><\/i>\t\t\t\t\t\t<\/span>\n\t\t\t\t\t\t\t\t\t\t<span class=\"elementor-icon-list-text\">Avalia\u00e7\u00e3o Sismogr\u00e1fica em Patrim\u00f4nio Hist\u00f3rico<\/span>\n\t\t\t\t\t\t\t\t\t\t\t<\/a>\n\t\t\t\t\t\t\t\t\t<\/li>\n\t\t\t\t\t\t\t\t<li class=\"elementor-icon-list-item\">\n\t\t\t\t\t\t\t\t\t\t\t<a href=\"https:\/\/sequenciaeng.versahost.com.br\/index.php\/servicos\/monitoramento-de-vibracoes\/controle-de-vibracao-em-taludes-e-obras-civis\/\">\n\n\t\t\t\t\t\t\t\t\t\t\t\t<span class=\"elementor-icon-list-icon\">\n\t\t\t\t\t\t\t<i aria-hidden=\"true\" class=\"fas fa-arrow-circle-right\"><\/i>\t\t\t\t\t\t<\/span>\n\t\t\t\t\t\t\t\t\t\t<span class=\"elementor-icon-list-text\">Controle de Vibra\u00e7\u00e3o em Taludes e Obras Civis<\/span>\n\t\t\t\t\t\t\t\t\t\t\t<\/a>\n\t\t\t\t\t\t\t\t\t<\/li>\n\t\t\t\t\t\t\t\t<li class=\"elementor-icon-list-item\">\n\t\t\t\t\t\t\t\t\t\t\t<a href=\"https:\/\/sequenciaeng.versahost.com.br\/index.php\/servicos\/monitoramento-de-vibracoes\/determinacao-de-zonas-de-dano-em-galerias-subterraneas\/\">\n\n\t\t\t\t\t\t\t\t\t\t\t\t<span class=\"elementor-icon-list-icon\">\n\t\t\t\t\t\t\t<i aria-hidden=\"true\" class=\"fas fa-arrow-circle-right\"><\/i>\t\t\t\t\t\t<\/span>\n\t\t\t\t\t\t\t\t\t\t<span class=\"elementor-icon-list-text\">Determina\u00e7\u00e3o de Zonas de Dano em Galerias Subterr\u00e2neas<\/span>\n\t\t\t\t\t\t\t\t\t\t\t<\/a>\n\t\t\t\t\t\t\t\t\t<\/li>\n\t\t\t\t\t\t\t\t<li class=\"elementor-icon-list-item\">\n\t\t\t\t\t\t\t\t\t\t\t<a href=\"https:\/\/sequenciaeng.versahost.com.br\/index.php\/servicos\/monitoramento-de-vibracoes\/monitoramento-sismografico-remoto\/\">\n\n\t\t\t\t\t\t\t\t\t\t\t\t<span class=\"elementor-icon-list-icon\">\n\t\t\t\t\t\t\t<i aria-hidden=\"true\" class=\"fas fa-arrow-circle-right\"><\/i>\t\t\t\t\t\t<\/span>\n\t\t\t\t\t\t\t\t\t\t<span class=\"elementor-icon-list-text\">Monitoramento Sismogr\u00e1fico Remoto<\/span>\n\t\t\t\t\t\t\t\t\t\t\t<\/a>\n\t\t\t\t\t\t\t\t\t<\/li>\n\t\t\t\t\t\t<\/ul>\n\t\t\t\t\t\t<\/div>\n\t\t\t\t<\/div>\n\t\t\t\t\t<\/div>\n\t\t<\/div>\n\t\t\t\t<div class=\"elementor-column elementor-col-50 elementor-top-column elementor-element elementor-element-eda9887\" data-id=\"eda9887\" data-element_type=\"column\" data-e-type=\"column\">\n\t\t\t<div class=\"elementor-widget-wrap elementor-element-populated\">\n\t\t\t\t\t\t<div class=\"elementor-element elementor-element-93f74ec elementor-view-stacked elementor-shape-circle elementor-widget elementor-widget-icon\" data-id=\"93f74ec\" data-element_type=\"widget\" data-e-type=\"widget\" data-widget_type=\"icon.default\">\n\t\t\t\t<div class=\"elementor-widget-container\">\n\t\t\t\t\t\t\t<div class=\"elementor-icon-wrapper\">\n\t\t\t<div class=\"elementor-icon\">\n\t\t\t<svg xmlns=\"http:\/\/www.w3.org\/2000\/svg\" xmlns:xlink=\"http:\/\/www.w3.org\/1999\/xlink\" width=\"512\" viewBox=\"0 0 384 383.999986\" height=\"512\" preserveAspectRatio=\"xMidYMid meet\"><defs><clipPath id=\"77a3de9afd\"><path d=\"M 117 205 L 266 205 L 266 337.429688 L 117 337.429688 Z M 117 205 \" clip-rule=\"nonzero\"><\/path><\/clipPath><clipPath id=\"0f32c4a6fb\"><path d=\"M 188 46.429688 L 196 46.429688 L 196 115 L 188 115 Z M 188 46.429688 \" clip-rule=\"nonzero\"><\/path><\/clipPath><clipPath id=\"853484478d\"><path d=\"M 158 224 L 226 224 L 226 337.429688 L 158 337.429688 Z M 158 224 \" clip-rule=\"nonzero\"><\/path><\/clipPath><clipPath id=\"e516b35a28\"><path d=\"M 258 257 L 357 257 L 357 337.429688 L 258 337.429688 Z M 258 257 \" clip-rule=\"nonzero\"><\/path><\/clipPath><clipPath id=\"a2b8dc1b9b\"><path d=\"M 282 267 L 325 267 L 325 337.429688 L 282 337.429688 Z M 282 267 \" clip-rule=\"nonzero\"><\/path><\/clipPath><clipPath id=\"b3beb4260b\"><path d=\"M 27 257 L 126 257 L 126 337.429688 L 27 337.429688 Z M 27 257 \" clip-rule=\"nonzero\"><\/path><\/clipPath><clipPath id=\"6d3bf872c9\"><path d=\"M 59 267 L 102 267 L 102 337.429688 L 59 337.429688 Z M 59 267 \" clip-rule=\"nonzero\"><\/path><\/clipPath><\/defs><g clip-path=\"url(#77a3de9afd)\"><path stroke-linecap=\"round\" transform=\"matrix(0.132459, 0, 0, -0.132395, -89.67504, 473.335667)\" fill=\"none\" stroke-linejoin=\"round\" d=\"M 2656.585573 1992.400906 L 2656.585573 1056.993256 L 1595.411817 1056.993256 L 1595.411817 1992.400906 Z M 2656.585573 1992.400906 \" stroke=\"#231f1f\" stroke-width=\"56.759998\" stroke-opacity=\"1\" stroke-miterlimit=\"10\"><\/path><\/g><path stroke-linecap=\"round\" transform=\"matrix(0.132459, 0, 0, -0.132395, -89.67504, 473.335667)\" fill=\"none\" stroke-linejoin=\"round\" d=\"M 1595.91315 2244.309514 L 2125.998695 2737.210101 L 2656.113731 2244.309514 \" stroke=\"#231f1f\" stroke-width=\"56.759998\" stroke-opacity=\"1\" stroke-miterlimit=\"10\"><\/path><path stroke-linecap=\"round\" transform=\"matrix(0.132459, 0, 0, -0.132395, -89.67504, 473.335667)\" fill=\"none\" stroke-linejoin=\"round\" d=\"M 2452.395736 2424.610932 L 2452.395736 1992.400906 L 1799.601654 1992.400906 L 1799.601654 2424.610932 \" stroke=\"#231f1f\" stroke-width=\"56.759998\" stroke-opacity=\"1\" stroke-miterlimit=\"10\"><\/path><g clip-path=\"url(#0f32c4a6fb)\"><path stroke-linecap=\"round\" transform=\"matrix(0.132459, 0, 0, -0.132395, -89.67504, 473.335667)\" fill=\"none\" stroke-linejoin=\"round\" d=\"M 2125.998695 2737.210101 L 2125.998695 3195.000446 \" stroke=\"#231f1f\" stroke-width=\"56.759998\" stroke-opacity=\"1\" stroke-miterlimit=\"10\"><\/path><\/g><path stroke-linecap=\"round\" transform=\"matrix(0.132459, 0, 0, -0.132395, -89.67504, 473.335667)\" fill=\"none\" stroke-linejoin=\"round\" d=\"M 1994.590562 3023.609358 L 2257.406828 3023.609358 \" stroke=\"#231f1f\" stroke-width=\"56.759998\" stroke-opacity=\"1\" stroke-miterlimit=\"10\"><\/path><path stroke-linecap=\"round\" transform=\"matrix(0.132459, 0, 0, -0.132395, -89.67504, 473.335667)\" fill=\"none\" stroke-linejoin=\"round\" d=\"M 2257.406828 2133.904031 L 2257.406828 2366.487254 C 2257.406828 2439.009081 2198.603458 2497.899873 2125.998695 2497.899873 C 2053.393932 2497.899873 1994.590562 2439.009081 1994.590562 2366.487254 L 1994.590562 2133.904031 Z M 2257.406828 2133.904031 \" stroke=\"#231f1f\" stroke-width=\"56.759998\" stroke-opacity=\"1\" stroke-miterlimit=\"10\"><\/path><path stroke-linecap=\"round\" transform=\"matrix(0.132459, 0, 0, -0.132395, -89.67504, 473.335667)\" fill=\"none\" stroke-linejoin=\"round\" d=\"M 1938.411816 2133.904031 L 2313.585574 2133.904031 \" stroke=\"#231f1f\" stroke-width=\"56.759998\" stroke-opacity=\"1\" stroke-miterlimit=\"10\"><\/path><g clip-path=\"url(#853484478d)\"><path stroke-linecap=\"round\" transform=\"matrix(0.132459, 0, 0, -0.132395, -89.67504, 473.335667)\" fill=\"none\" stroke-linejoin=\"round\" d=\"M 2351.391954 1056.993256 L 2351.391954 1628.287046 C 2351.391954 1752.795634 2250.506132 1853.700699 2125.998695 1853.700699 C 2001.491259 1853.700699 1900.605437 1752.795634 1900.605437 1628.287046 L 1900.605437 1056.993256 Z M 2351.391954 1056.993256 \" stroke=\"#231f1f\" stroke-width=\"56.759998\" stroke-opacity=\"1\" stroke-miterlimit=\"10\"><\/path><\/g><path stroke-linecap=\"round\" transform=\"matrix(0.132459, 0, 0, -0.132395, -89.67504, 473.335667)\" fill=\"none\" stroke-linejoin=\"round\" d=\"M 2656.290672 1853.700699 L 3543.207098 1524.697081 \" stroke=\"#231f1f\" stroke-width=\"56.759998\" stroke-opacity=\"1\" stroke-miterlimit=\"10\"><\/path><g clip-path=\"url(#e516b35a28)\"><path stroke-linecap=\"round\" transform=\"matrix(0.132459, 0, 0, -0.132395, -89.67504, 473.335667)\" fill=\"none\" stroke-linejoin=\"round\" d=\"M 3336.392638 1601.408533 L 3336.392638 1056.993256 L 2656.290672 1056.993256 \" stroke=\"#231f1f\" stroke-width=\"56.759998\" stroke-opacity=\"1\" stroke-miterlimit=\"10\"><\/path><\/g><g clip-path=\"url(#a2b8dc1b9b)\"><path stroke-linecap=\"round\" transform=\"matrix(0.132459, 0, 0, -0.132395, -89.67504, 473.335667)\" fill=\"none\" stroke-linejoin=\"round\" d=\"M 3099.79312 1056.993256 L 3099.79312 1392.39933 C 3099.79312 1465.393227 3040.488417 1524.697081 2967.500283 1524.697081 C 2894.394187 1524.697081 2835.207445 1465.393227 2835.207445 1392.39933 L 2835.207445 1056.993256 Z M 3099.79312 1056.993256 \" stroke=\"#231f1f\" stroke-width=\"56.759998\" stroke-opacity=\"1\" stroke-miterlimit=\"10\"><\/path><\/g><path stroke-linecap=\"round\" transform=\"matrix(0.132459, 0, 0, -0.132395, -89.67504, 473.335667)\" fill=\"none\" stroke-linejoin=\"round\" d=\"M 1595.706719 1853.700699 L 708.790292 1524.697081 \" stroke=\"#231f1f\" stroke-width=\"56.759998\" stroke-opacity=\"1\" stroke-miterlimit=\"10\"><\/path><g clip-path=\"url(#b3beb4260b)\"><path stroke-linecap=\"round\" transform=\"matrix(0.132459, 0, 0, -0.132395, -89.67504, 473.335667)\" fill=\"none\" stroke-linejoin=\"round\" d=\"M 915.634243 1601.408533 L 915.634243 1056.993256 L 1595.706719 1056.993256 \" stroke=\"#231f1f\" stroke-width=\"56.759998\" stroke-opacity=\"1\" stroke-miterlimit=\"10\"><\/path><\/g><g clip-path=\"url(#6d3bf872c9)\"><path stroke-linecap=\"round\" transform=\"matrix(0.132459, 0, 0, -0.132395, -89.67504, 473.335667)\" fill=\"none\" stroke-linejoin=\"round\" d=\"M 1152.20427 1056.993256 L 1152.20427 1392.39933 C 1152.20427 1465.393227 1211.508973 1524.697081 1284.497108 1524.697081 C 1357.603203 1524.697081 1416.907906 1465.393227 1416.907906 1392.39933 L 1416.907906 1056.993256 Z M 1152.20427 1056.993256 \" stroke=\"#231f1f\" stroke-width=\"56.759998\" stroke-opacity=\"1\" stroke-miterlimit=\"10\"><\/path><\/g><\/svg>\t\t\t<\/div>\n\t\t<\/div>\n\t\t\t\t\t\t<\/div>\n\t\t\t\t<\/div>\n\t\t\t\t<div class=\"elementor-element elementor-element-5dda813 elementor-arrows-position-inside elementor-pagination-position-outside elementor-widget elementor-widget-image-carousel\" data-id=\"5dda813\" data-element_type=\"widget\" data-e-type=\"widget\" data-settings=\"{&quot;slides_to_show&quot;:&quot;2&quot;,&quot;slides_to_scroll&quot;:&quot;1&quot;,&quot;autoplay&quot;:&quot;no&quot;,&quot;infinite&quot;:&quot;no&quot;,&quot;navigation&quot;:&quot;both&quot;,&quot;speed&quot;:500,&quot;image_spacing_custom&quot;:{&quot;unit&quot;:&quot;px&quot;,&quot;size&quot;:20,&quot;sizes&quot;:[]},&quot;image_spacing_custom_tablet&quot;:{&quot;unit&quot;:&quot;px&quot;,&quot;size&quot;:&quot;&quot;,&quot;sizes&quot;:[]},&quot;image_spacing_custom_mobile&quot;:{&quot;unit&quot;:&quot;px&quot;,&quot;size&quot;:&quot;&quot;,&quot;sizes&quot;:[]}}\" data-widget_type=\"image-carousel.default\">\n\t\t\t\t<div class=\"elementor-widget-container\">\n\t\t\t\t\t\t\t<div class=\"elementor-image-carousel-wrapper swiper\" role=\"region\" aria-roledescription=\"carousel\" aria-label=\"Carrossel de imagens\" dir=\"ltr\">\n\t\t\t<div class=\"elementor-image-carousel swiper-wrapper\" aria-live=\"polite\">\n\t\t\t\t\t\t\t\t<div class=\"swiper-slide\" role=\"group\" aria-roledescription=\"slide\" aria-label=\"1 de 2\"><figure class=\"swiper-slide-inner\"><img decoding=\"async\" class=\"swiper-slide-image\" src=\"https:\/\/sequenciaeng.versahost.com.br\/wp-content\/uploads\/2023\/04\/Site-Sequencia-Servicos-Patrimonio-Historico-Img-02-500-x-300-jpg.webp\" alt=\"Site Sequencia - Servicos - Patrimonio Historico - Img 02 - 500 x 300\" \/><\/figure><\/div><div class=\"swiper-slide\" role=\"group\" aria-roledescription=\"slide\" aria-label=\"2 de 2\"><figure class=\"swiper-slide-inner\"><img decoding=\"async\" class=\"swiper-slide-image\" src=\"https:\/\/sequenciaeng.versahost.com.br\/wp-content\/uploads\/2023\/04\/Site-Sequencia-Servicos-Patrimonio-Historico-Img-01-500-x-300.png\" alt=\"Site Sequencia - Servicos - Patrimonio Historico - Img 01 - 500 x 300\" \/><\/figure><\/div>\t\t\t<\/div>\n\t\t\t\t\t\t\t\t\t\t\t\t<div class=\"elementor-swiper-button elementor-swiper-button-prev\" role=\"button\" tabindex=\"0\">\n\t\t\t\t\t\t<i aria-hidden=\"true\" class=\"eicon-chevron-left\"><\/i>\t\t\t\t\t<\/div>\n\t\t\t\t\t<div class=\"elementor-swiper-button elementor-swiper-button-next\" role=\"button\" tabindex=\"0\">\n\t\t\t\t\t\t<i aria-hidden=\"true\" class=\"eicon-chevron-right\"><\/i>\t\t\t\t\t<\/div>\n\t\t\t\t\n\t\t\t\t\t\t\t\t\t<div class=\"swiper-pagination\"><\/div>\n\t\t\t\t\t\t\t\t\t<\/div>\n\t\t\t\t\t\t<\/div>\n\t\t\t\t<\/div>\n\t\t\t\t\t<\/div>\n\t\t<\/div>\n\t\t\t\t\t<\/div>\n\t\t<\/section>\n\t\t\t\t<\/div>\n\t\t","protected":false},"excerpt":{"rendered":"<p>Avalia\u00e7\u00e3o Sismogr\u00e1fica em Patrim\u00f4nio Hist\u00f3rico Outra demanda muito comum e com a qual a equipe da Sequ\u00eancia Engenharia possui grande experi\u00eancia \u00e9 com as medi\u00e7\u00f5es sismogr\u00e1ficas objetivando a preserva\u00e7\u00e3o de monumentos e pr\u00e9dios de interesse hist\u00f3rico. Aplica\u00e7\u00f5es Monitoramento de Vibra\u00e7\u00f5es Avalia\u00e7\u00e3o Sismogr\u00e1fica de Detona\u00e7\u00f5es Pr\u00f3ximas \u00e0s Cavidades Naturais Subterr\u00e2neas Avalia\u00e7\u00e3o Sismogr\u00e1fica em \u00c1reas Urbanas Avalia\u00e7\u00e3o [&hellip;]<\/p>\n","protected":false},"author":1,"featured_media":0,"parent":565,"menu_order":3,"comment_status":"closed","ping_status":"closed","template":"","meta":{"site-sidebar-layout":"no-sidebar","site-content-layout":"page-builder","ast-site-content-layout":"default","site-content-style":"default","site-sidebar-style":"default","ast-global-header-display":"","ast-banner-title-visibility":"","ast-main-header-display":"","ast-hfb-above-header-display":"","ast-hfb-below-header-display":"","ast-hfb-mobile-header-display":"","site-post-title":"disabled","ast-breadcrumbs-content":"disabled","ast-featured-img":"disabled","footer-sml-layout":"disabled","ast-disable-related-posts":"","theme-transparent-header-meta":"enabled","adv-header-id-meta":"","stick-header-meta":"","header-above-stick-meta":"","header-main-stick-meta":"","header-below-stick-meta":"","astra-migrate-meta-layouts":"default","ast-page-background-enabled":"default","ast-page-background-meta":{"desktop":{"background-color":"","background-image":"","background-repeat":"repeat","background-position":"center center","background-size":"auto","background-attachment":"scroll","background-type":"","background-media":"","overlay-type":"","overlay-color":"","overlay-opacity":"","overlay-gradient":""},"tablet":{"background-color":"","background-image":"","background-repeat":"repeat","background-position":"center center","background-size":"auto","background-attachment":"scroll","background-type":"","background-media":"","overlay-type":"","overlay-color":"","overlay-opacity":"","overlay-gradient":""},"mobile":{"background-color":"","background-image":"","background-repeat":"repeat","background-position":"center center","background-size":"auto","background-attachment":"scroll","background-type":"","background-media":"","overlay-type":"","overlay-color":"","overlay-opacity":"","overlay-gradient":""}},"ast-content-background-meta":{"desktop":{"background-color":"var(--ast-global-color-5)","background-image":"","background-repeat":"repeat","background-position":"center center","background-size":"auto","background-attachment":"scroll","background-type":"","background-media":"","overlay-type":"","overlay-color":"","overlay-opacity":"","overlay-gradient":""},"tablet":{"background-color":"var(--ast-global-color-5)","background-image":"","background-repeat":"repeat","background-position":"center center","background-size":"auto","background-attachment":"scroll","background-type":"","background-media":"","overlay-type":"","overlay-color":"","overlay-opacity":"","overlay-gradient":""},"mobile":{"background-color":"var(--ast-global-color-5)","background-image":"","background-repeat":"repeat","background-position":"center center","background-size":"auto","background-attachment":"scroll","background-type":"","background-media":"","overlay-type":"","overlay-color":"","overlay-opacity":"","overlay-gradient":""}},"footnotes":""},"class_list":["post-930","page","type-page","status-publish","hentry"],"_links":{"self":[{"href":"https:\/\/sequenciaeng.versahost.com.br\/index.php\/wp-json\/wp\/v2\/pages\/930","targetHints":{"allow":["GET"]}}],"collection":[{"href":"https:\/\/sequenciaeng.versahost.com.br\/index.php\/wp-json\/wp\/v2\/pages"}],"about":[{"href":"https:\/\/sequenciaeng.versahost.com.br\/index.php\/wp-json\/wp\/v2\/types\/page"}],"author":[{"embeddable":true,"href":"https:\/\/sequenciaeng.versahost.com.br\/index.php\/wp-json\/wp\/v2\/users\/1"}],"replies":[{"embeddable":true,"href":"https:\/\/sequenciaeng.versahost.com.br\/index.php\/wp-json\/wp\/v2\/comments?post=930"}],"version-history":[{"count":22,"href":"https:\/\/sequenciaeng.versahost.com.br\/index.php\/wp-json\/wp\/v2\/pages\/930\/revisions"}],"predecessor-version":[{"id":1050,"href":"https:\/\/sequenciaeng.versahost.com.br\/index.php\/wp-json\/wp\/v2\/pages\/930\/revisions\/1050"}],"up":[{"embeddable":true,"href":"https:\/\/sequenciaeng.versahost.com.br\/index.php\/wp-json\/wp\/v2\/pages\/565"}],"wp:attachment":[{"href":"https:\/\/sequenciaeng.versahost.com.br\/index.php\/wp-json\/wp\/v2\/media?parent=930"}],"curies":[{"name":"wp","href":"https:\/\/api.w.org\/{rel}","templated":true}]}}