{"id":991,"date":"2023-04-22T13:12:55","date_gmt":"2023-04-22T16:12:55","guid":{"rendered":"https:\/\/sequenciaeng.versahost.com.br\/?page_id=991"},"modified":"2023-04-22T14:15:15","modified_gmt":"2023-04-22T17:15:15","slug":"determinacao-de-zonas-de-dano-em-galerias-subterraneas","status":"publish","type":"page","link":"https:\/\/sequenciaeng.versahost.com.br\/index.php\/servicos\/monitoramento-de-vibracoes\/determinacao-de-zonas-de-dano-em-galerias-subterraneas\/","title":{"rendered":"Determina\u00e7\u00e3o de Zonas de Dano em Galerias Subterr\u00e2neas"},"content":{"rendered":"\t\t<div data-elementor-type=\"wp-page\" data-elementor-id=\"991\" class=\"elementor elementor-991\" data-elementor-post-type=\"page\">\n\t\t\t\t\t\t<section class=\"elementor-section elementor-top-section elementor-element elementor-element-bc9762e elementor-section-height-min-height elementor-section-boxed elementor-section-height-default elementor-section-items-middle\" data-id=\"bc9762e\" data-element_type=\"section\" data-e-type=\"section\" data-settings=\"{&quot;background_background&quot;:&quot;classic&quot;}\">\n\t\t\t\t\t\t\t<div class=\"elementor-background-overlay\"><\/div>\n\t\t\t\t\t\t\t<div class=\"elementor-container elementor-column-gap-no\">\n\t\t\t\t\t<div class=\"elementor-column elementor-col-100 elementor-top-column elementor-element elementor-element-190cfe8\" data-id=\"190cfe8\" data-element_type=\"column\" data-e-type=\"column\">\n\t\t\t<div class=\"elementor-widget-wrap elementor-element-populated\">\n\t\t\t\t\t\t<div class=\"elementor-element elementor-element-3c43d33 elementor-widget elementor-widget-heading\" data-id=\"3c43d33\" data-element_type=\"widget\" data-e-type=\"widget\" data-widget_type=\"heading.default\">\n\t\t\t\t<div class=\"elementor-widget-container\">\n\t\t\t\t\t<h1 class=\"elementor-heading-title elementor-size-default\">Determina\u00e7\u00e3o de Zonas de Dano em Galerias Subterr\u00e2neas<\/h1>\t\t\t\t<\/div>\n\t\t\t\t<\/div>\n\t\t\t\t<div class=\"elementor-element elementor-element-d49cb75 elementor-widget elementor-widget-text-editor\" data-id=\"d49cb75\" data-element_type=\"widget\" data-e-type=\"widget\" data-widget_type=\"text-editor.default\">\n\t\t\t\t<div class=\"elementor-widget-container\">\n\t\t\t\t\t\t\t\t\t<p>Realizamos o monitoramento de vibra\u00e7\u00f5es das detona\u00e7\u00f5es em galerias subterr\u00e2neas e nas medidas da velocidade de propaga\u00e7\u00e3o das ondas no maci\u00e7o<\/p>\t\t\t\t\t\t\t\t<\/div>\n\t\t\t\t<\/div>\n\t\t\t\t\t<\/div>\n\t\t<\/div>\n\t\t\t\t\t<\/div>\n\t\t<\/section>\n\t\t\t\t<section class=\"elementor-section elementor-top-section elementor-element elementor-element-t47g7d5 elementor-section-content-middle elementor-section-boxed elementor-section-height-default elementor-section-height-default\" data-id=\"t47g7d5\" data-element_type=\"section\" data-e-type=\"section\" data-settings=\"{&quot;background_background&quot;:&quot;classic&quot;}\">\n\t\t\t\t\t\t<div class=\"elementor-container elementor-column-gap-no\">\n\t\t\t\t\t<div class=\"elementor-column elementor-col-50 elementor-top-column elementor-element elementor-element-258231d\" data-id=\"258231d\" data-element_type=\"column\" data-e-type=\"column\">\n\t\t\t<div class=\"elementor-widget-wrap elementor-element-populated\">\n\t\t\t\t\t\t<div class=\"elementor-element elementor-element-459bdbc elementor-position-inline-end elementor-view-default elementor-mobile-position-block-start elementor-widget elementor-widget-icon-box\" data-id=\"459bdbc\" data-element_type=\"widget\" data-e-type=\"widget\" data-settings=\"{&quot;sticky&quot;:&quot;top&quot;,&quot;sticky_offset&quot;:150,&quot;sticky_effects_offset&quot;:150,&quot;sticky_parent&quot;:&quot;yes&quot;,&quot;sticky_on&quot;:[&quot;desktop&quot;,&quot;tablet&quot;,&quot;mobile&quot;],&quot;sticky_anchor_link_offset&quot;:0}\" data-widget_type=\"icon-box.default\">\n\t\t\t\t<div class=\"elementor-widget-container\">\n\t\t\t\t\t\t\t<div class=\"elementor-icon-box-wrapper\">\n\n\t\t\t\t\t\t<div class=\"elementor-icon-box-icon\">\n\t\t\t\t<span  class=\"elementor-icon elementor-animation-wobble-vertical\">\n\t\t\t\t<i aria-hidden=\"true\" class=\"fas fa-chevron-down\"><\/i>\t\t\t\t<\/span>\n\t\t\t<\/div>\n\t\t\t\n\t\t\t\t\t\t<div class=\"elementor-icon-box-content\">\n\n\t\t\t\t\t\t\t\t\t<h4 class=\"elementor-icon-box-title\">\n\t\t\t\t\t\t<span  >\n\t\t\t\t\t\t\tAplica\u00e7\u00f5es\t\t\t\t\t\t<\/span>\n\t\t\t\t\t<\/h4>\n\t\t\t\t\n\t\t\t\t\n\t\t\t<\/div>\n\t\t\t\n\t\t<\/div>\n\t\t\t\t\t\t<\/div>\n\t\t\t\t<\/div>\n\t\t\t\t<div class=\"elementor-element elementor-element-d3a1da4 elementor-align-start elementor-icon-list--layout-traditional elementor-list-item-link-full_width elementor-widget elementor-widget-icon-list\" data-id=\"d3a1da4\" data-element_type=\"widget\" data-e-type=\"widget\" data-settings=\"{&quot;sticky&quot;:&quot;top&quot;,&quot;sticky_offset&quot;:230,&quot;sticky_effects_offset&quot;:230,&quot;sticky_parent&quot;:&quot;yes&quot;,&quot;sticky_on&quot;:[&quot;desktop&quot;,&quot;tablet&quot;,&quot;mobile&quot;],&quot;sticky_anchor_link_offset&quot;:0}\" data-widget_type=\"icon-list.default\">\n\t\t\t\t<div class=\"elementor-widget-container\">\n\t\t\t\t\t\t\t<ul class=\"elementor-icon-list-items\">\n\t\t\t\t\t\t\t<li class=\"elementor-icon-list-item\">\n\t\t\t\t\t\t\t\t\t\t\t<a href=\"https:\/\/sequenciaeng.versahost.com.br\/index.php\/servicos\/monitoramento-de-vibracoes\/\">\n\n\t\t\t\t\t\t\t\t\t\t\t\t<span class=\"elementor-icon-list-icon\">\n\t\t\t\t\t\t\t<i aria-hidden=\"true\" class=\"fas fa-arrow-circle-right\"><\/i>\t\t\t\t\t\t<\/span>\n\t\t\t\t\t\t\t\t\t\t<span class=\"elementor-icon-list-text\">Monitoramento de Vibra\u00e7\u00f5es<\/span>\n\t\t\t\t\t\t\t\t\t\t\t<\/a>\n\t\t\t\t\t\t\t\t\t<\/li>\n\t\t\t\t\t\t\t\t<li class=\"elementor-icon-list-item\">\n\t\t\t\t\t\t\t\t\t\t\t<a href=\"https:\/\/sequenciaeng.versahost.com.br\/index.php\/servicos\/monitoramento-de-vibracoes\/avaliacao-sismografica-de-detonacoes-proximas-as-cavidades-naturais-subterraneas\/\">\n\n\t\t\t\t\t\t\t\t\t\t\t\t<span class=\"elementor-icon-list-icon\">\n\t\t\t\t\t\t\t<i aria-hidden=\"true\" class=\"fas fa-arrow-circle-right\"><\/i>\t\t\t\t\t\t<\/span>\n\t\t\t\t\t\t\t\t\t\t<span class=\"elementor-icon-list-text\">Avalia\u00e7\u00e3o Sismogr\u00e1fica de Detona\u00e7\u00f5es Pr\u00f3ximas \u00e0s Cavidades Naturais Subterr\u00e2neas<\/span>\n\t\t\t\t\t\t\t\t\t\t\t<\/a>\n\t\t\t\t\t\t\t\t\t<\/li>\n\t\t\t\t\t\t\t\t<li class=\"elementor-icon-list-item\">\n\t\t\t\t\t\t\t\t\t\t\t<a href=\"https:\/\/sequenciaeng.versahost.com.br\/index.php\/servicos\/monitoramento-de-vibracoes\/avaliacao-sismografica-em-areas-urbanas\/\">\n\n\t\t\t\t\t\t\t\t\t\t\t\t<span class=\"elementor-icon-list-icon\">\n\t\t\t\t\t\t\t<i aria-hidden=\"true\" class=\"fas fa-arrow-circle-right\"><\/i>\t\t\t\t\t\t<\/span>\n\t\t\t\t\t\t\t\t\t\t<span class=\"elementor-icon-list-text\">Avalia\u00e7\u00e3o Sismogr\u00e1fica em \u00c1reas Urbanas<\/span>\n\t\t\t\t\t\t\t\t\t\t\t<\/a>\n\t\t\t\t\t\t\t\t\t<\/li>\n\t\t\t\t\t\t\t\t<li class=\"elementor-icon-list-item\">\n\t\t\t\t\t\t\t\t\t\t\t<a href=\"https:\/\/sequenciaeng.versahost.com.br\/index.php\/servicos\/monitoramento-de-vibracoes\/avaliacao-sismografica-em-patrimonio-historico\/\">\n\n\t\t\t\t\t\t\t\t\t\t\t\t<span class=\"elementor-icon-list-icon\">\n\t\t\t\t\t\t\t<i aria-hidden=\"true\" class=\"fas fa-arrow-circle-right\"><\/i>\t\t\t\t\t\t<\/span>\n\t\t\t\t\t\t\t\t\t\t<span class=\"elementor-icon-list-text\">Avalia\u00e7\u00e3o Sismogr\u00e1fica em Patrim\u00f4nio Hist\u00f3rico<\/span>\n\t\t\t\t\t\t\t\t\t\t\t<\/a>\n\t\t\t\t\t\t\t\t\t<\/li>\n\t\t\t\t\t\t\t\t<li class=\"elementor-icon-list-item\">\n\t\t\t\t\t\t\t\t\t\t\t<a href=\"https:\/\/sequenciaeng.versahost.com.br\/index.php\/servicos\/monitoramento-de-vibracoes\/controle-de-vibracao-em-taludes-e-obras-civis\/\">\n\n\t\t\t\t\t\t\t\t\t\t\t\t<span class=\"elementor-icon-list-icon\">\n\t\t\t\t\t\t\t<i aria-hidden=\"true\" class=\"fas fa-arrow-circle-right\"><\/i>\t\t\t\t\t\t<\/span>\n\t\t\t\t\t\t\t\t\t\t<span class=\"elementor-icon-list-text\">Controle de Vibra\u00e7\u00e3o em Taludes e Obras Civis<\/span>\n\t\t\t\t\t\t\t\t\t\t\t<\/a>\n\t\t\t\t\t\t\t\t\t<\/li>\n\t\t\t\t\t\t\t\t<li class=\"elementor-icon-list-item\">\n\t\t\t\t\t\t\t\t\t\t\t<a href=\"https:\/\/sequenciaeng.versahost.com.br\/index.php\/servicos\/monitoramento-de-vibracoes\/determinacao-de-zonas-de-dano-em-galerias-subterraneas\/\">\n\n\t\t\t\t\t\t\t\t\t\t\t\t<span class=\"elementor-icon-list-icon\">\n\t\t\t\t\t\t\t<i aria-hidden=\"true\" class=\"fas fa-arrow-circle-right\"><\/i>\t\t\t\t\t\t<\/span>\n\t\t\t\t\t\t\t\t\t\t<span class=\"elementor-icon-list-text\">Determina\u00e7\u00e3o de Zonas de Dano em Galerias Subterr\u00e2neas<\/span>\n\t\t\t\t\t\t\t\t\t\t\t<\/a>\n\t\t\t\t\t\t\t\t\t<\/li>\n\t\t\t\t\t\t\t\t<li class=\"elementor-icon-list-item\">\n\t\t\t\t\t\t\t\t\t\t\t<a href=\"https:\/\/sequenciaeng.versahost.com.br\/index.php\/servicos\/monitoramento-de-vibracoes\/monitoramento-sismografico-remoto\/\">\n\n\t\t\t\t\t\t\t\t\t\t\t\t<span class=\"elementor-icon-list-icon\">\n\t\t\t\t\t\t\t<i aria-hidden=\"true\" class=\"fas fa-arrow-circle-right\"><\/i>\t\t\t\t\t\t<\/span>\n\t\t\t\t\t\t\t\t\t\t<span class=\"elementor-icon-list-text\">Monitoramento Sismogr\u00e1fico Remoto<\/span>\n\t\t\t\t\t\t\t\t\t\t\t<\/a>\n\t\t\t\t\t\t\t\t\t<\/li>\n\t\t\t\t\t\t<\/ul>\n\t\t\t\t\t\t<\/div>\n\t\t\t\t<\/div>\n\t\t\t\t\t<\/div>\n\t\t<\/div>\n\t\t\t\t<div class=\"elementor-column elementor-col-50 elementor-top-column elementor-element elementor-element-eda9887\" data-id=\"eda9887\" data-element_type=\"column\" data-e-type=\"column\">\n\t\t\t<div class=\"elementor-widget-wrap elementor-element-populated\">\n\t\t\t\t\t\t<div class=\"elementor-element elementor-element-93f74ec elementor-view-stacked elementor-shape-circle elementor-widget elementor-widget-icon\" data-id=\"93f74ec\" data-element_type=\"widget\" data-e-type=\"widget\" data-widget_type=\"icon.default\">\n\t\t\t\t<div class=\"elementor-widget-container\">\n\t\t\t\t\t\t\t<div class=\"elementor-icon-wrapper\">\n\t\t\t<div class=\"elementor-icon\">\n\t\t\t<svg xmlns=\"http:\/\/www.w3.org\/2000\/svg\" xmlns:xlink=\"http:\/\/www.w3.org\/1999\/xlink\" width=\"512\" viewBox=\"0 0 384 383.999986\" height=\"512\" preserveAspectRatio=\"xMidYMid meet\"><defs><clipPath id=\"b88c25ed0c\"><path d=\"M 3.121094 0 L 381 0 L 381 384 L 3.121094 384 Z M 3.121094 0 \" clip-rule=\"nonzero\"><\/path><\/clipPath><\/defs><g clip-path=\"url(#b88c25ed0c)\"><path fill=\"#100f0d\" d=\"M 371.402344 272.683594 L 318.320312 272.683594 C 317.671875 257.40625 312.972656 209.660156 280.109375 176.335938 C 258.421875 154.347656 228.839844 143.199219 192.167969 143.199219 C 155.496094 143.199219 125.910156 154.347656 104.222656 176.335938 C 71.359375 209.660156 66.660156 257.40625 66.011719 272.683594 L 13.050781 272.683594 L 16.257812 146.511719 L 100.859375 56.871094 L 145.226562 10.3125 L 242.214844 35.277344 L 279.0625 113.046875 C 279.773438 114.539062 281.203125 115.554688 282.839844 115.738281 L 325.054688 120.339844 L 339.699219 180.398438 C 339.847656 181.023438 340.125 181.609375 340.511719 182.125 L 371.402344 223.261719 Z M 226.527344 173.089844 L 157.804688 173.089844 L 160.03125 156.175781 C 169.957031 153.863281 180.675781 152.695312 192.167969 152.695312 C 203.65625 152.695312 214.375 153.863281 224.300781 156.175781 Z M 137.648438 326.265625 L 145.320312 267.972656 L 239.015625 267.972656 L 246.683594 326.265625 Z M 231.296875 209.308594 L 153.039062 209.308594 L 156.554688 182.585938 L 227.777344 182.585938 Z M 151.792969 218.769531 C 151.988281 218.792969 152.1875 218.808594 152.390625 218.808594 L 231.945312 218.808594 C 232.148438 218.808594 232.34375 218.792969 232.539062 218.769531 L 237.765625 258.476562 L 146.570312 258.476562 Z M 379.957031 218.828125 L 348.695312 177.203125 L 333.496094 114.859375 C 333.023438 112.917969 331.382812 111.480469 329.398438 111.261719 L 286.515625 106.585938 L 249.847656 29.199219 C 249.242188 27.929688 248.105469 26.992188 246.738281 26.636719 L 144.898438 0.421875 C 143.230469 -0.0078125 141.460938 0.492188 140.273438 1.742188 L 93.964844 50.339844 L 8.101562 141.320312 C 7.296875 142.171875 6.835938 143.285156 6.804688 144.453125 L 3.433594 277.308594 C 3.394531 278.59375 3.882812 279.832031 4.777344 280.746094 C 5.671875 281.660156 6.898438 282.179688 8.175781 282.179688 L 70.664062 282.179688 C 71.9375 282.179688 73.15625 281.667969 74.046875 280.765625 C 74.9375 279.859375 75.433594 278.636719 75.414062 277.367188 C 75.40625 276.789062 75.074219 219.371094 111.039062 182.949219 C 121.867188 171.988281 134.921875 163.984375 150.078125 158.96875 L 136.605469 261.359375 C 136.359375 261.929688 136.222656 262.5625 136.222656 263.226562 C 136.222656 263.449219 136.242188 263.667969 136.277344 263.882812 L 121.175781 378.640625 C 120.828125 381.242188 122.660156 383.625 125.261719 383.96875 C 125.472656 383.992188 125.679688 384.011719 125.886719 384.011719 C 128.238281 384.011719 130.277344 382.269531 130.589844 379.878906 L 136.394531 335.765625 L 247.933594 335.765625 L 253.738281 379.878906 C 254.054688 382.269531 256.097656 384.011719 258.445312 384.011719 C 258.648438 384.011719 258.859375 383.992188 259.070312 383.96875 C 261.671875 383.625 263.5 381.242188 263.160156 378.640625 L 234.25 158.96875 C 249.40625 163.984375 262.464844 171.988281 273.292969 182.949219 C 309.261719 219.371094 308.925781 276.789062 308.917969 277.367188 C 308.902344 278.636719 309.390625 279.859375 310.285156 280.765625 C 311.179688 281.667969 312.394531 282.179688 313.667969 282.179688 L 376.152344 282.179688 C 378.777344 282.179688 380.90625 280.050781 380.90625 277.429688 L 380.90625 221.679688 C 380.90625 220.652344 380.570312 219.652344 379.957031 218.828125 \" fill-opacity=\"1\" fill-rule=\"nonzero\"><\/path><\/g><\/svg>\t\t\t<\/div>\n\t\t<\/div>\n\t\t\t\t\t\t<\/div>\n\t\t\t\t<\/div>\n\t\t\t\t<div class=\"elementor-element elementor-element-2aa2bac elementor-widget elementor-widget-text-editor\" data-id=\"2aa2bac\" data-element_type=\"widget\" data-e-type=\"widget\" data-widget_type=\"text-editor.default\">\n\t\t\t\t<div class=\"elementor-widget-container\">\n\t\t\t\t\t\t\t\t\t<p>A partir das caracter\u00edsticas geomec\u00e2nicas das rochas do local e em conjunto com os dados obtidos no monitoramento sismogr\u00e1fico das detona\u00e7\u00f5es em galerias subterr\u00e2neas e nas medidas da velocidade de propaga\u00e7\u00e3o das ondas no maci\u00e7o, a Seq\u00fc\u00eancia Engenharia tem desenvolvido uma metodologia que nos permite avaliar a extens\u00e3o da zona de fraturamento do maci\u00e7o rochoso em torno das aberturas feitas com o uso de explosivos.<\/p>\t\t\t\t\t\t\t\t<\/div>\n\t\t\t\t<\/div>\n\t\t\t\t<section class=\"elementor-section elementor-inner-section elementor-element elementor-element-c4f28aa elementor-section-boxed elementor-section-height-default elementor-section-height-default\" data-id=\"c4f28aa\" data-element_type=\"section\" data-e-type=\"section\">\n\t\t\t\t\t\t<div class=\"elementor-container elementor-column-gap-default\">\n\t\t\t\t\t<div class=\"elementor-column elementor-col-50 elementor-inner-column elementor-element elementor-element-b95a112\" data-id=\"b95a112\" data-element_type=\"column\" data-e-type=\"column\">\n\t\t\t<div class=\"elementor-widget-wrap elementor-element-populated\">\n\t\t\t\t\t\t<div class=\"elementor-element elementor-element-bb747d9 elementor-widget elementor-widget-image\" data-id=\"bb747d9\" data-element_type=\"widget\" data-e-type=\"widget\" data-widget_type=\"image.default\">\n\t\t\t\t<div class=\"elementor-widget-container\">\n\t\t\t\t\t\t\t\t\t\t\t\t\t\t\t<img fetchpriority=\"high\" decoding=\"async\" width=\"500\" height=\"318\" src=\"https:\/\/sequenciaeng.versahost.com.br\/wp-content\/uploads\/2023\/04\/Site-Sequencia-Servicos-Zonas-de-Dano-em-Galerias-Subterraneas-Img-01-500-x-318-jpg.webp\" class=\"attachment-full size-full wp-image-994\" alt=\"Determina\u00e7\u00e3o de Zonas de Dano em Galerias Subterr\u00e2neas\" srcset=\"https:\/\/sequenciaeng.versahost.com.br\/wp-content\/uploads\/2023\/04\/Site-Sequencia-Servicos-Zonas-de-Dano-em-Galerias-Subterraneas-Img-01-500-x-318-jpg.webp 500w, https:\/\/sequenciaeng.versahost.com.br\/wp-content\/uploads\/2023\/04\/Site-Sequencia-Servicos-Zonas-de-Dano-em-Galerias-Subterraneas-Img-01-500-x-318-300x191.webp 300w\" sizes=\"(max-width: 500px) 100vw, 500px\" \/>\t\t\t\t\t\t\t\t\t\t\t\t\t\t\t<\/div>\n\t\t\t\t<\/div>\n\t\t\t\t\t<\/div>\n\t\t<\/div>\n\t\t\t\t<div class=\"elementor-column elementor-col-50 elementor-inner-column elementor-element elementor-element-fff13f0\" data-id=\"fff13f0\" data-element_type=\"column\" data-e-type=\"column\">\n\t\t\t<div class=\"elementor-widget-wrap elementor-element-populated\">\n\t\t\t\t\t\t<div class=\"elementor-element elementor-element-26d192a elementor-widget elementor-widget-image\" data-id=\"26d192a\" data-element_type=\"widget\" data-e-type=\"widget\" data-widget_type=\"image.default\">\n\t\t\t\t<div class=\"elementor-widget-container\">\n\t\t\t\t\t\t\t\t\t\t\t\t\t\t\t<img decoding=\"async\" width=\"500\" height=\"300\" src=\"https:\/\/sequenciaeng.versahost.com.br\/wp-content\/uploads\/2023\/04\/Site-Sequencia-Servicos-Zonas-de-Dano-em-Galerias-Subterraneas-Img-02-500-x-300.png\" class=\"attachment-full size-full wp-image-995\" alt=\"Determina\u00e7\u00e3o de Zonas de Dano em Galerias Subterr\u00e2neas\" srcset=\"https:\/\/sequenciaeng.versahost.com.br\/wp-content\/uploads\/2023\/04\/Site-Sequencia-Servicos-Zonas-de-Dano-em-Galerias-Subterraneas-Img-02-500-x-300.png 500w, https:\/\/sequenciaeng.versahost.com.br\/wp-content\/uploads\/2023\/04\/Site-Sequencia-Servicos-Zonas-de-Dano-em-Galerias-Subterraneas-Img-02-500-x-300-300x180.png 300w\" sizes=\"(max-width: 500px) 100vw, 500px\" \/>\t\t\t\t\t\t\t\t\t\t\t\t\t\t\t<\/div>\n\t\t\t\t<\/div>\n\t\t\t\t\t<\/div>\n\t\t<\/div>\n\t\t\t\t\t<\/div>\n\t\t<\/section>\n\t\t\t\t<section class=\"elementor-section elementor-inner-section elementor-element elementor-element-29e693b elementor-section-boxed elementor-section-height-default elementor-section-height-default\" data-id=\"29e693b\" data-element_type=\"section\" data-e-type=\"section\">\n\t\t\t\t\t\t<div class=\"elementor-container elementor-column-gap-default\">\n\t\t\t\t\t<div class=\"elementor-column elementor-col-100 elementor-inner-column elementor-element elementor-element-dd65058\" data-id=\"dd65058\" data-element_type=\"column\" data-e-type=\"column\">\n\t\t\t<div class=\"elementor-widget-wrap elementor-element-populated\">\n\t\t\t\t\t\t<div class=\"elementor-element elementor-element-3600158 elementor-widget elementor-widget-image\" data-id=\"3600158\" data-element_type=\"widget\" data-e-type=\"widget\" data-widget_type=\"image.default\">\n\t\t\t\t<div class=\"elementor-widget-container\">\n\t\t\t\t\t\t\t\t\t\t\t\t\t\t\t<img decoding=\"async\" width=\"1066\" height=\"635\" src=\"https:\/\/sequenciaeng.versahost.com.br\/wp-content\/uploads\/2023\/04\/Site-Sequencia-Servicos-Zonas-de-Dano-em-Galerias-Subterraneas-Img-03-1066-x-635.png\" class=\"attachment-full size-full wp-image-996\" alt=\"Determina\u00e7\u00e3o de Zonas de Dano em Galerias Subterr\u00e2neas\" srcset=\"https:\/\/sequenciaeng.versahost.com.br\/wp-content\/uploads\/2023\/04\/Site-Sequencia-Servicos-Zonas-de-Dano-em-Galerias-Subterraneas-Img-03-1066-x-635.png 1066w, https:\/\/sequenciaeng.versahost.com.br\/wp-content\/uploads\/2023\/04\/Site-Sequencia-Servicos-Zonas-de-Dano-em-Galerias-Subterraneas-Img-03-1066-x-635-300x179.png 300w, https:\/\/sequenciaeng.versahost.com.br\/wp-content\/uploads\/2023\/04\/Site-Sequencia-Servicos-Zonas-de-Dano-em-Galerias-Subterraneas-Img-03-1066-x-635-1024x610.png 1024w, https:\/\/sequenciaeng.versahost.com.br\/wp-content\/uploads\/2023\/04\/Site-Sequencia-Servicos-Zonas-de-Dano-em-Galerias-Subterraneas-Img-03-1066-x-635-768x457.png 768w\" sizes=\"(max-width: 1066px) 100vw, 1066px\" \/>\t\t\t\t\t\t\t\t\t\t\t\t\t\t\t<\/div>\n\t\t\t\t<\/div>\n\t\t\t\t\t<\/div>\n\t\t<\/div>\n\t\t\t\t\t<\/div>\n\t\t<\/section>\n\t\t\t\t\t<\/div>\n\t\t<\/div>\n\t\t\t\t\t<\/div>\n\t\t<\/section>\n\t\t\t\t<\/div>\n\t\t","protected":false},"excerpt":{"rendered":"<p>Determina\u00e7\u00e3o de Zonas de Dano em Galerias Subterr\u00e2neas Realizamos o monitoramento de vibra\u00e7\u00f5es das detona\u00e7\u00f5es em galerias subterr\u00e2neas e nas medidas da velocidade de propaga\u00e7\u00e3o das ondas no maci\u00e7o Aplica\u00e7\u00f5es Monitoramento de Vibra\u00e7\u00f5es Avalia\u00e7\u00e3o Sismogr\u00e1fica de Detona\u00e7\u00f5es Pr\u00f3ximas \u00e0s Cavidades Naturais Subterr\u00e2neas Avalia\u00e7\u00e3o Sismogr\u00e1fica em \u00c1reas Urbanas Avalia\u00e7\u00e3o Sismogr\u00e1fica em Patrim\u00f4nio Hist\u00f3rico Controle de Vibra\u00e7\u00e3o [&hellip;]<\/p>\n","protected":false},"author":1,"featured_media":0,"parent":565,"menu_order":5,"comment_status":"closed","ping_status":"closed","template":"","meta":{"site-sidebar-layout":"no-sidebar","site-content-layout":"page-builder","ast-site-content-layout":"default","site-content-style":"default","site-sidebar-style":"default","ast-global-header-display":"","ast-banner-title-visibility":"","ast-main-header-display":"","ast-hfb-above-header-display":"","ast-hfb-below-header-display":"","ast-hfb-mobile-header-display":"","site-post-title":"disabled","ast-breadcrumbs-content":"disabled","ast-featured-img":"disabled","footer-sml-layout":"disabled","ast-disable-related-posts":"","theme-transparent-header-meta":"enabled","adv-header-id-meta":"","stick-header-meta":"","header-above-stick-meta":"","header-main-stick-meta":"","header-below-stick-meta":"","astra-migrate-meta-layouts":"default","ast-page-background-enabled":"default","ast-page-background-meta":{"desktop":{"background-color":"","background-image":"","background-repeat":"repeat","background-position":"center center","background-size":"auto","background-attachment":"scroll","background-type":"","background-media":"","overlay-type":"","overlay-color":"","overlay-opacity":"","overlay-gradient":""},"tablet":{"background-color":"","background-image":"","background-repeat":"repeat","background-position":"center center","background-size":"auto","background-attachment":"scroll","background-type":"","background-media":"","overlay-type":"","overlay-color":"","overlay-opacity":"","overlay-gradient":""},"mobile":{"background-color":"","background-image":"","background-repeat":"repeat","background-position":"center center","background-size":"auto","background-attachment":"scroll","background-type":"","background-media":"","overlay-type":"","overlay-color":"","overlay-opacity":"","overlay-gradient":""}},"ast-content-background-meta":{"desktop":{"background-color":"var(--ast-global-color-5)","background-image":"","background-repeat":"repeat","background-position":"center center","background-size":"auto","background-attachment":"scroll","background-type":"","background-media":"","overlay-type":"","overlay-color":"","overlay-opacity":"","overlay-gradient":""},"tablet":{"background-color":"var(--ast-global-color-5)","background-image":"","background-repeat":"repeat","background-position":"center center","background-size":"auto","background-attachment":"scroll","background-type":"","background-media":"","overlay-type":"","overlay-color":"","overlay-opacity":"","overlay-gradient":""},"mobile":{"background-color":"var(--ast-global-color-5)","background-image":"","background-repeat":"repeat","background-position":"center center","background-size":"auto","background-attachment":"scroll","background-type":"","background-media":"","overlay-type":"","overlay-color":"","overlay-opacity":"","overlay-gradient":""}},"footnotes":""},"class_list":["post-991","page","type-page","status-publish","hentry"],"_links":{"self":[{"href":"https:\/\/sequenciaeng.versahost.com.br\/index.php\/wp-json\/wp\/v2\/pages\/991","targetHints":{"allow":["GET"]}}],"collection":[{"href":"https:\/\/sequenciaeng.versahost.com.br\/index.php\/wp-json\/wp\/v2\/pages"}],"about":[{"href":"https:\/\/sequenciaeng.versahost.com.br\/index.php\/wp-json\/wp\/v2\/types\/page"}],"author":[{"embeddable":true,"href":"https:\/\/sequenciaeng.versahost.com.br\/index.php\/wp-json\/wp\/v2\/users\/1"}],"replies":[{"embeddable":true,"href":"https:\/\/sequenciaeng.versahost.com.br\/index.php\/wp-json\/wp\/v2\/comments?post=991"}],"version-history":[{"count":16,"href":"https:\/\/sequenciaeng.versahost.com.br\/index.php\/wp-json\/wp\/v2\/pages\/991\/revisions"}],"predecessor-version":[{"id":1056,"href":"https:\/\/sequenciaeng.versahost.com.br\/index.php\/wp-json\/wp\/v2\/pages\/991\/revisions\/1056"}],"up":[{"embeddable":true,"href":"https:\/\/sequenciaeng.versahost.com.br\/index.php\/wp-json\/wp\/v2\/pages\/565"}],"wp:attachment":[{"href":"https:\/\/sequenciaeng.versahost.com.br\/index.php\/wp-json\/wp\/v2\/media?parent=991"}],"curies":[{"name":"wp","href":"https:\/\/api.w.org\/{rel}","templated":true}]}}